{"id":1993,"date":"2025-05-23T17:09:47","date_gmt":"2025-05-23T14:09:47","guid":{"rendered":"https:\/\/tenerifeonthego.com\/?page_id=1993"},"modified":"2025-05-23T17:15:22","modified_gmt":"2025-05-23T14:15:22","slug":"apgyvendinimo-ir-ar-skrydziu-paieska","status":"publish","type":"page","link":"https:\/\/tenerifeonthego.com\/en\/services\/apgyvendinimo-ir-ar-skrydziu-paieska\/","title":{"rendered":"Search for accomodation and\/or flights"},"content":{"rendered":"<div data-elementor-type=\"wp-page\" data-elementor-id=\"1993\" class=\"elementor elementor-1993\" data-elementor-post-type=\"page\">\n\t\t\t\t\t\t<section class=\"elementor-section elementor-top-section elementor-element elementor-element-920113f ct-section-stretched elementor-section-height-min-height elementor-section-boxed elementor-section-height-default elementor-section-items-middle\" data-id=\"920113f\" data-element_type=\"section\" data-settings=\"{&quot;background_background&quot;:&quot;classic&quot;,&quot;shape_divider_top&quot;:&quot;waves&quot;}\">\n\t\t\t\t\t\t\t<div class=\"elementor-background-overlay\"><\/div>\n\t\t\t\t\t\t<div class=\"elementor-shape elementor-shape-top\" aria-hidden=\"true\" data-negative=\"false\">\n\t\t\t<svg xmlns=\"http:\/\/www.w3.org\/2000\/svg\" viewbox=\"0 0 1000 100\" preserveaspectratio=\"none\">\n\t<path class=\"elementor-shape-fill\" d=\"M421.9,6.5c22.6-2.5,51.5,0.4,75.5,5.3c23.6,4.9,70.9,23.5,100.5,35.7c75.8,32.2,133.7,44.5,192.6,49.7\tc23.6,2.1,48.7,3.5,103.4-2.5c54.7-6,106.2-25.6,106.2-25.6V0H0v30.3c0,0,72,32.6,158.4,30.5c39.2-0.7,92.8-6.7,134-22.4\tc21.2-8.1,52.2-18.2,79.7-24.2C399.3,7.9,411.6,7.5,421.9,6.5z\"\/>\n<\/svg>\t\t<\/div>\n\t\t\t\t\t<div class=\"elementor-container elementor-column-gap-no\">\n\t\t\t\t\t<div class=\"elementor-column elementor-col-50 elementor-top-column elementor-element elementor-element-3f56332\" data-id=\"3f56332\" data-element_type=\"column\" data-settings=\"{&quot;background_background&quot;:&quot;classic&quot;}\">\n\t\t\t<div class=\"elementor-widget-wrap elementor-element-populated\">\n\t\t\t\t\t\t<div class=\"elementor-element elementor-element-e5cb489 elementor-widget elementor-widget-spacer\" data-id=\"e5cb489\" data-element_type=\"widget\" data-widget_type=\"spacer.default\">\n\t\t\t\t<div class=\"elementor-widget-container\">\n\t\t\t\t\t\t\t<div class=\"elementor-spacer\">\n\t\t\t<div class=\"elementor-spacer-inner\"><\/div>\n\t\t<\/div>\n\t\t\t\t\t\t<\/div>\n\t\t\t\t<\/div>\n\t\t\t\t<div class=\"elementor-element elementor-element-61aee17 animated-slow elementor-invisible elementor-widget elementor-widget-image\" data-id=\"61aee17\" data-element_type=\"widget\" data-settings=\"{&quot;_animation&quot;:&quot;rollIn&quot;,&quot;_animation_delay&quot;:300}\" data-widget_type=\"image.default\">\n\t\t\t\t<div class=\"elementor-widget-container\">\n\t\t\t\t\t\t\t\t\t\t\t\t\t\t\t<img fetchpriority=\"high\" decoding=\"async\" width=\"1080\" height=\"1080\" src=\"https:\/\/tenerifeonthego.com\/wp-content\/uploads\/2024\/05\/Untitled-design.png\" class=\"attachment-full size-full wp-image-1337\" alt=\"\" srcset=\"https:\/\/tenerifeonthego.com\/wp-content\/uploads\/2024\/05\/Untitled-design.png 1080w, https:\/\/tenerifeonthego.com\/wp-content\/uploads\/2024\/05\/Untitled-design-300x300.png 300w, https:\/\/tenerifeonthego.com\/wp-content\/uploads\/2024\/05\/Untitled-design-100x100.png 100w, https:\/\/tenerifeonthego.com\/wp-content\/uploads\/2024\/05\/Untitled-design-600x600.png 600w, https:\/\/tenerifeonthego.com\/wp-content\/uploads\/2024\/05\/Untitled-design-400x400.png 400w, https:\/\/tenerifeonthego.com\/wp-content\/uploads\/2024\/05\/Untitled-design-1024x1024.png 1024w, https:\/\/tenerifeonthego.com\/wp-content\/uploads\/2024\/05\/Untitled-design-150x150.png 150w, https:\/\/tenerifeonthego.com\/wp-content\/uploads\/2024\/05\/Untitled-design-768x768.png 768w, https:\/\/tenerifeonthego.com\/wp-content\/uploads\/2024\/05\/Untitled-design-12x12.png 12w\" sizes=\"(max-width: 1080px) 100vw, 1080px\" \/>\t\t\t\t\t\t\t\t\t\t\t\t\t\t\t<\/div>\n\t\t\t\t<\/div>\n\t\t\t\t\t<\/div>\n\t\t<\/div>\n\t\t\t\t<div class=\"elementor-column elementor-col-50 elementor-top-column elementor-element elementor-element-63cc4dc\" data-id=\"63cc4dc\" data-element_type=\"column\">\n\t\t\t<div class=\"elementor-widget-wrap elementor-element-populated\">\n\t\t\t\t\t\t<div class=\"elementor-element elementor-element-df4ad1b animated-slow elementor-invisible elementor-widget elementor-widget-heading\" data-id=\"df4ad1b\" data-element_type=\"widget\" data-settings=\"{&quot;_animation&quot;:&quot;fadeInUp&quot;,&quot;_animation_delay&quot;:200}\" data-widget_type=\"heading.default\">\n\t\t\t\t<div class=\"elementor-widget-container\">\n\t\t\t\t\t<h3 class=\"elementor-heading-title elementor-size-default\">Search for accomodation and\/or flights<\/h3>\t\t\t\t<\/div>\n\t\t\t\t<\/div>\n\t\t\t\t<div class=\"elementor-element elementor-element-85d2427 elementor-widget elementor-widget-counter\" data-id=\"85d2427\" data-element_type=\"widget\" data-widget_type=\"counter.default\">\n\t\t\t\t<div class=\"elementor-widget-container\">\n\t\t\t\t\t\t\t<div class=\"elementor-counter\">\n\t\t\t\t\t\t<div class=\"elementor-counter-number-wrapper\">\n\t\t\t\t<span class=\"elementor-counter-number-prefix\"><\/span>\n\t\t\t\t<span class=\"elementor-counter-number\" data-duration=\"2000\" data-to-value=\"49\" data-from-value=\"0\" data-delimiter=\",\">0<\/span>\n\t\t\t\t<span class=\"elementor-counter-number-suffix\"> EUR <\/span>\n\t\t\t<\/div>\n\t\t<\/div>\n\t\t\t\t\t\t<\/div>\n\t\t\t\t<\/div>\n\t\t\t\t<div class=\"elementor-element elementor-element-b9f023c elementor-widget__width-initial elementor-widget-tablet__width-inherit elementor-widget elementor-widget-text-editor\" data-id=\"b9f023c\" data-element_type=\"widget\" data-widget_type=\"text-editor.default\">\n\t\t\t\t<div class=\"elementor-widget-container\">\n\t\t\t\t\t\t\t\t\t<p>Finding the perfect location and convenient flights can be time-consuming and require a lot of patience, especially if you're unfamiliar with the island. Don't worry\u2014let us handle it for you. We'll carefully review all possible options for your travel dates, evaluating the price-to-quality ratio and considering locations that align with your expectations and needs. With the prices offered by our trusted partners, we can help you make the most of your travel budget. Leave the logistics to us so you can focus on enjoying your trip stress-free!<\/p>\t\t\t\t\t\t\t\t<\/div>\n\t\t\t\t<\/div>\n\t\t\t\t<div class=\"elementor-element elementor-element-2aa1442 elementor-mobile-align-center elementor-align-left elementor-tablet-align-center elementor-widget elementor-widget-button\" data-id=\"2aa1442\" data-element_type=\"widget\" data-widget_type=\"button.default\">\n\t\t\t\t<div class=\"elementor-widget-container\">\n\t\t\t\t\t\t\t\t\t<div class=\"elementor-button-wrapper\">\n\t\t\t\t\t<a class=\"elementor-button elementor-button-link elementor-size-lg\" href=\"#elementor-action%3Aaction%3Dpopup%3Aopen%26settings%3DeyJpZCI6Ijg1NSIsInRvZ2dsZSI6ZmFsc2V9\">\n\t\t\t\t\t\t<span class=\"elementor-button-content-wrapper\">\n\t\t\t\t\t\t\t\t\t<span class=\"elementor-button-text\">SEND INQUIRY<\/span>\n\t\t\t\t\t<\/span>\n\t\t\t\t\t<\/a>\n\t\t\t\t<\/div>\n\t\t\t\t\t\t\t\t<\/div>\n\t\t\t\t<\/div>\n\t\t\t\t\t<\/div>\n\t\t<\/div>\n\t\t\t\t\t<\/div>\n\t\t<\/section>\n\t\t\t\t<\/div>","protected":false},"excerpt":{"rendered":"<p>Apgyvendinimo ir\/ar skryd\u017ei\u0173 paie\u0161ka 0 EUR Tinkamos lokacijos ir patogi\u0173 skryd\u017ei\u0173 paie\u0161ka gali u\u017eimti nema\u017eai laiko ir pareikalauti daug kantryb\u0117s, o nepa\u017e\u012fstant salos &#8211; galima smarkiai pra\u0161auti. Tod\u0117l deleguokite \u0161\u012f darb\u0105 mums. Per\u017ei\u016brime visus \u012fmanomus variantus J\u016bs\u0173 kelion\u0117s datai, \u012fvertiname kainos ir kokyb\u0117s santyk\u012f atsi\u017evelgiant \u012f lokacij\u0105 pagal J\u016bs\u0173 l\u016bkes\u010dius ir poreikius. O m\u016bs\u0173 partneri\u0173 [&hellip;]<\/p>","protected":false},"author":1,"featured_media":0,"parent":459,"menu_order":0,"comment_status":"closed","ping_status":"closed","template":"elementor_header_footer","meta":{"_acf_changed":false,"footnotes":""},"class_list":["post-1993","page","type-page","status-publish","hentry"],"blocksy_meta":[],"acf":[],"yoast_head":"<!-- This site is optimized with the Yoast SEO plugin v27.4 - https:\/\/yoast.com\/product\/yoast-seo-wordpress\/ -->\n<title>TENERIFE ON-THE-GO<\/title>\n<meta name=\"robots\" content=\"index, follow, max-snippet:-1, max-image-preview:large, max-video-preview:-1\" \/>\n<link rel=\"canonical\" href=\"https:\/\/tenerifeonthego.com\/en\/services\/apgyvendinimo-ir-ar-skrydziu-paieska\/\" \/>\n<meta property=\"og:locale\" content=\"en_GB\" \/>\n<meta property=\"og:type\" content=\"article\" \/>\n<meta property=\"og:description\" content=\"Apgyvendinimo ir\/ar skryd\u017ei\u0173 paie\u0161ka 0 EUR Tinkamos lokacijos ir patogi\u0173 skryd\u017ei\u0173 paie\u0161ka gali u\u017eimti nema\u017eai laiko ir pareikalauti daug kantryb\u0117s, o nepa\u017e\u012fstant salos &#8211; galima smarkiai pra\u0161auti. Tod\u0117l deleguokite \u0161\u012f darb\u0105 mums. Per\u017ei\u016brime visus \u012fmanomus variantus J\u016bs\u0173 kelion\u0117s datai, \u012fvertiname kainos ir kokyb\u0117s santyk\u012f atsi\u017evelgiant \u012f lokacij\u0105 pagal J\u016bs\u0173 l\u016bkes\u010dius ir poreikius. O m\u016bs\u0173 partneri\u0173 [&hellip;]\" \/>\n<meta property=\"og:url\" content=\"https:\/\/tenerifeonthego.com\/en\/services\/apgyvendinimo-ir-ar-skrydziu-paieska\/\" \/>\n<meta property=\"og:site_name\" content=\"TENERIFE ON-THE-GO\" \/>\n<meta property=\"article:publisher\" content=\"https:\/\/www.facebook.com\/tenerifeonthego\" \/>\n<meta property=\"article:modified_time\" content=\"2025-05-23T14:15:22+00:00\" \/>\n<meta property=\"og:image\" content=\"https:\/\/tenerifeonthego.com\/wp-content\/uploads\/2024\/05\/IMG_9644-1-scaled.jpg\" \/>\n\t<meta property=\"og:image:width\" content=\"1920\" \/>\n\t<meta property=\"og:image:height\" content=\"2560\" \/>\n\t<meta property=\"og:image:type\" content=\"image\/jpeg\" \/>\n<meta name=\"twitter:card\" content=\"summary_large_image\" \/>\n<meta name=\"twitter:label1\" content=\"Estimated reading time\" \/>\n\t<meta name=\"twitter:data1\" content=\"1 minute\" \/>\n<script type=\"application\/ld+json\" class=\"yoast-schema-graph\">{\"@context\":\"https:\\\/\\\/schema.org\",\"@graph\":[{\"@type\":\"WebPage\",\"@id\":\"https:\\\/\\\/tenerifeonthego.com\\\/paslaugos\\\/apgyvendinimo-ir-ar-skrydziu-paieska\\\/\",\"url\":\"https:\\\/\\\/tenerifeonthego.com\\\/paslaugos\\\/apgyvendinimo-ir-ar-skrydziu-paieska\\\/\",\"name\":\"\",\"isPartOf\":{\"@id\":\"https:\\\/\\\/tenerifeonthego.com\\\/#website\"},\"primaryImageOfPage\":{\"@id\":\"https:\\\/\\\/tenerifeonthego.com\\\/paslaugos\\\/apgyvendinimo-ir-ar-skrydziu-paieska\\\/#primaryimage\"},\"image\":{\"@id\":\"https:\\\/\\\/tenerifeonthego.com\\\/paslaugos\\\/apgyvendinimo-ir-ar-skrydziu-paieska\\\/#primaryimage\"},\"thumbnailUrl\":\"https:\\\/\\\/tenerifeonthego.com\\\/wp-content\\\/uploads\\\/2024\\\/05\\\/Untitled-design.png\",\"datePublished\":\"2025-05-23T14:09:47+00:00\",\"dateModified\":\"2025-05-23T14:15:22+00:00\",\"breadcrumb\":{\"@id\":\"https:\\\/\\\/tenerifeonthego.com\\\/paslaugos\\\/apgyvendinimo-ir-ar-skrydziu-paieska\\\/#breadcrumb\"},\"inLanguage\":\"en-GB\",\"potentialAction\":[{\"@type\":\"ReadAction\",\"target\":[\"https:\\\/\\\/tenerifeonthego.com\\\/paslaugos\\\/apgyvendinimo-ir-ar-skrydziu-paieska\\\/\"]}]},{\"@type\":\"ImageObject\",\"inLanguage\":\"en-GB\",\"@id\":\"https:\\\/\\\/tenerifeonthego.com\\\/paslaugos\\\/apgyvendinimo-ir-ar-skrydziu-paieska\\\/#primaryimage\",\"url\":\"https:\\\/\\\/tenerifeonthego.com\\\/wp-content\\\/uploads\\\/2024\\\/05\\\/Untitled-design.png\",\"contentUrl\":\"https:\\\/\\\/tenerifeonthego.com\\\/wp-content\\\/uploads\\\/2024\\\/05\\\/Untitled-design.png\"},{\"@type\":\"BreadcrumbList\",\"@id\":\"https:\\\/\\\/tenerifeonthego.com\\\/paslaugos\\\/apgyvendinimo-ir-ar-skrydziu-paieska\\\/#breadcrumb\",\"itemListElement\":[{\"@type\":\"ListItem\",\"position\":1,\"name\":\"Home\",\"item\":\"https:\\\/\\\/tenerifeonthego.com\\\/\"},{\"@type\":\"ListItem\",\"position\":2,\"name\":\"Paslaugos\",\"item\":\"https:\\\/\\\/tenerifeonthego.com\\\/paslaugos\\\/\"},{\"@type\":\"ListItem\",\"position\":3,\"name\":\"Apgyvendinimo ir\\\/ar skryd\u017ei\u0173 paie\u0161ka\"}]},{\"@type\":\"WebSite\",\"@id\":\"https:\\\/\\\/tenerifeonthego.com\\\/#website\",\"url\":\"https:\\\/\\\/tenerifeonthego.com\\\/\",\"name\":\"TENERIFE ON-THE-GO\",\"description\":\"\",\"publisher\":{\"@id\":\"https:\\\/\\\/tenerifeonthego.com\\\/#organization\"},\"potentialAction\":[{\"@type\":\"SearchAction\",\"target\":{\"@type\":\"EntryPoint\",\"urlTemplate\":\"https:\\\/\\\/tenerifeonthego.com\\\/?s={search_term_string}\"},\"query-input\":{\"@type\":\"PropertyValueSpecification\",\"valueRequired\":true,\"valueName\":\"search_term_string\"}}],\"inLanguage\":\"en-GB\"},{\"@type\":\"Organization\",\"@id\":\"https:\\\/\\\/tenerifeonthego.com\\\/#organization\",\"name\":\"TENERIFE ON-THE-GO\",\"url\":\"https:\\\/\\\/tenerifeonthego.com\\\/\",\"logo\":{\"@type\":\"ImageObject\",\"inLanguage\":\"en-GB\",\"@id\":\"https:\\\/\\\/tenerifeonthego.com\\\/#\\\/schema\\\/logo\\\/image\\\/\",\"url\":\"https:\\\/\\\/tenerifeonthego.com\\\/wp-content\\\/uploads\\\/2024\\\/05\\\/Tenerife_logo-removebg-preview-e1716283746938.png\",\"contentUrl\":\"https:\\\/\\\/tenerifeonthego.com\\\/wp-content\\\/uploads\\\/2024\\\/05\\\/Tenerife_logo-removebg-preview-e1716283746938.png\",\"width\":359,\"height\":299,\"caption\":\"TENERIFE ON-THE-GO\"},\"image\":{\"@id\":\"https:\\\/\\\/tenerifeonthego.com\\\/#\\\/schema\\\/logo\\\/image\\\/\"},\"sameAs\":[\"https:\\\/\\\/www.facebook.com\\\/tenerifeonthego\",\"https:\\\/\\\/www.instagram.com\\\/tenerifeonthego\\\/\"]}]}<\/script>\n<!-- \/ Yoast SEO plugin. -->","yoast_head_json":{"title":"TENERIFE ON-THE-GO","robots":{"index":"index","follow":"follow","max-snippet":"max-snippet:-1","max-image-preview":"max-image-preview:large","max-video-preview":"max-video-preview:-1"},"canonical":"https:\/\/tenerifeonthego.com\/en\/services\/apgyvendinimo-ir-ar-skrydziu-paieska\/","og_locale":"en_GB","og_type":"article","og_description":"Apgyvendinimo ir\/ar skryd\u017ei\u0173 paie\u0161ka 0 EUR Tinkamos lokacijos ir patogi\u0173 skryd\u017ei\u0173 paie\u0161ka gali u\u017eimti nema\u017eai laiko ir pareikalauti daug kantryb\u0117s, o nepa\u017e\u012fstant salos &#8211; galima smarkiai pra\u0161auti. Tod\u0117l deleguokite \u0161\u012f darb\u0105 mums. Per\u017ei\u016brime visus \u012fmanomus variantus J\u016bs\u0173 kelion\u0117s datai, \u012fvertiname kainos ir kokyb\u0117s santyk\u012f atsi\u017evelgiant \u012f lokacij\u0105 pagal J\u016bs\u0173 l\u016bkes\u010dius ir poreikius. O m\u016bs\u0173 partneri\u0173 [&hellip;]","og_url":"https:\/\/tenerifeonthego.com\/en\/services\/apgyvendinimo-ir-ar-skrydziu-paieska\/","og_site_name":"TENERIFE ON-THE-GO","article_publisher":"https:\/\/www.facebook.com\/tenerifeonthego","article_modified_time":"2025-05-23T14:15:22+00:00","og_image":[{"width":1920,"height":2560,"url":"https:\/\/tenerifeonthego.com\/wp-content\/uploads\/2024\/05\/IMG_9644-1-scaled.jpg","type":"image\/jpeg"}],"twitter_card":"summary_large_image","twitter_misc":{"Estimated reading time":"1 minute"},"schema":{"@context":"https:\/\/schema.org","@graph":[{"@type":"WebPage","@id":"https:\/\/tenerifeonthego.com\/paslaugos\/apgyvendinimo-ir-ar-skrydziu-paieska\/","url":"https:\/\/tenerifeonthego.com\/paslaugos\/apgyvendinimo-ir-ar-skrydziu-paieska\/","name":"","isPartOf":{"@id":"https:\/\/tenerifeonthego.com\/#website"},"primaryImageOfPage":{"@id":"https:\/\/tenerifeonthego.com\/paslaugos\/apgyvendinimo-ir-ar-skrydziu-paieska\/#primaryimage"},"image":{"@id":"https:\/\/tenerifeonthego.com\/paslaugos\/apgyvendinimo-ir-ar-skrydziu-paieska\/#primaryimage"},"thumbnailUrl":"https:\/\/tenerifeonthego.com\/wp-content\/uploads\/2024\/05\/Untitled-design.png","datePublished":"2025-05-23T14:09:47+00:00","dateModified":"2025-05-23T14:15:22+00:00","breadcrumb":{"@id":"https:\/\/tenerifeonthego.com\/paslaugos\/apgyvendinimo-ir-ar-skrydziu-paieska\/#breadcrumb"},"inLanguage":"en-GB","potentialAction":[{"@type":"ReadAction","target":["https:\/\/tenerifeonthego.com\/paslaugos\/apgyvendinimo-ir-ar-skrydziu-paieska\/"]}]},{"@type":"ImageObject","inLanguage":"en-GB","@id":"https:\/\/tenerifeonthego.com\/paslaugos\/apgyvendinimo-ir-ar-skrydziu-paieska\/#primaryimage","url":"https:\/\/tenerifeonthego.com\/wp-content\/uploads\/2024\/05\/Untitled-design.png","contentUrl":"https:\/\/tenerifeonthego.com\/wp-content\/uploads\/2024\/05\/Untitled-design.png"},{"@type":"BreadcrumbList","@id":"https:\/\/tenerifeonthego.com\/paslaugos\/apgyvendinimo-ir-ar-skrydziu-paieska\/#breadcrumb","itemListElement":[{"@type":"ListItem","position":1,"name":"Home","item":"https:\/\/tenerifeonthego.com\/"},{"@type":"ListItem","position":2,"name":"Paslaugos","item":"https:\/\/tenerifeonthego.com\/paslaugos\/"},{"@type":"ListItem","position":3,"name":"Apgyvendinimo ir\/ar skryd\u017ei\u0173 paie\u0161ka"}]},{"@type":"WebSite","@id":"https:\/\/tenerifeonthego.com\/#website","url":"https:\/\/tenerifeonthego.com\/","name":"TENERIFE ON-THE-GO","description":"","publisher":{"@id":"https:\/\/tenerifeonthego.com\/#organization"},"potentialAction":[{"@type":"SearchAction","target":{"@type":"EntryPoint","urlTemplate":"https:\/\/tenerifeonthego.com\/?s={search_term_string}"},"query-input":{"@type":"PropertyValueSpecification","valueRequired":true,"valueName":"search_term_string"}}],"inLanguage":"en-GB"},{"@type":"Organization","@id":"https:\/\/tenerifeonthego.com\/#organization","name":"TENERIFE ON-THE-GO","url":"https:\/\/tenerifeonthego.com\/","logo":{"@type":"ImageObject","inLanguage":"en-GB","@id":"https:\/\/tenerifeonthego.com\/#\/schema\/logo\/image\/","url":"https:\/\/tenerifeonthego.com\/wp-content\/uploads\/2024\/05\/Tenerife_logo-removebg-preview-e1716283746938.png","contentUrl":"https:\/\/tenerifeonthego.com\/wp-content\/uploads\/2024\/05\/Tenerife_logo-removebg-preview-e1716283746938.png","width":359,"height":299,"caption":"TENERIFE ON-THE-GO"},"image":{"@id":"https:\/\/tenerifeonthego.com\/#\/schema\/logo\/image\/"},"sameAs":["https:\/\/www.facebook.com\/tenerifeonthego","https:\/\/www.instagram.com\/tenerifeonthego\/"]}]}},"_links":{"self":[{"href":"https:\/\/tenerifeonthego.com\/en\/wp-json\/wp\/v2\/pages\/1993","targetHints":{"allow":["GET"]}}],"collection":[{"href":"https:\/\/tenerifeonthego.com\/en\/wp-json\/wp\/v2\/pages"}],"about":[{"href":"https:\/\/tenerifeonthego.com\/en\/wp-json\/wp\/v2\/types\/page"}],"author":[{"embeddable":true,"href":"https:\/\/tenerifeonthego.com\/en\/wp-json\/wp\/v2\/users\/1"}],"replies":[{"embeddable":true,"href":"https:\/\/tenerifeonthego.com\/en\/wp-json\/wp\/v2\/comments?post=1993"}],"version-history":[{"count":1,"href":"https:\/\/tenerifeonthego.com\/en\/wp-json\/wp\/v2\/pages\/1993\/revisions"}],"predecessor-version":[{"id":2004,"href":"https:\/\/tenerifeonthego.com\/en\/wp-json\/wp\/v2\/pages\/1993\/revisions\/2004"}],"up":[{"embeddable":true,"href":"https:\/\/tenerifeonthego.com\/en\/wp-json\/wp\/v2\/pages\/459"}],"wp:attachment":[{"href":"https:\/\/tenerifeonthego.com\/en\/wp-json\/wp\/v2\/media?parent=1993"}],"curies":[{"name":"wp","href":"https:\/\/api.w.org\/{rel}","templated":true}]}}