{"id":1995,"date":"2025-05-23T17:11:23","date_gmt":"2025-05-23T14:11:23","guid":{"rendered":"https:\/\/tenerifeonthego.com\/?page_id=1995"},"modified":"2025-05-23T17:16:19","modified_gmt":"2025-05-23T14:16:19","slug":"individualus-keliones-planas","status":"publish","type":"page","link":"https:\/\/tenerifeonthego.com\/en\/services\/individualus-keliones-planas\/","title":{"rendered":"Individual trip plan"},"content":{"rendered":"<div data-elementor-type=\"wp-page\" data-elementor-id=\"1995\" class=\"elementor elementor-1995\" data-elementor-post-type=\"page\">\n\t\t\t\t\t\t<section class=\"elementor-section elementor-top-section elementor-element elementor-element-ede956f ct-section-stretched elementor-reverse-tablet elementor-reverse-mobile elementor-section-boxed elementor-section-height-default elementor-section-height-default\" data-id=\"ede956f\" data-element_type=\"section\">\n\t\t\t\t\t\t<div class=\"elementor-container elementor-column-gap-wider\">\n\t\t\t\t\t<div class=\"elementor-column elementor-col-50 elementor-top-column elementor-element elementor-element-9fafa1a\" data-id=\"9fafa1a\" data-element_type=\"column\">\n\t\t\t<div class=\"elementor-widget-wrap elementor-element-populated\">\n\t\t\t\t\t\t<div class=\"elementor-element elementor-element-14eabec animated-slow elementor-invisible elementor-widget elementor-widget-heading\" data-id=\"14eabec\" data-element_type=\"widget\" data-settings=\"{&quot;_animation&quot;:&quot;fadeInUp&quot;,&quot;_animation_delay&quot;:200}\" data-widget_type=\"heading.default\">\n\t\t\t\t<div class=\"elementor-widget-container\">\n\t\t\t\t\t<h2 class=\"elementor-heading-title elementor-size-default\">Individual trip plan<\/h2>\t\t\t\t<\/div>\n\t\t\t\t<\/div>\n\t\t\t\t<div class=\"elementor-element elementor-element-6ba08dc elementor-widget elementor-widget-counter\" data-id=\"6ba08dc\" data-element_type=\"widget\" data-widget_type=\"counter.default\">\n\t\t\t\t<div class=\"elementor-widget-container\">\n\t\t\t\t\t\t\t<div class=\"elementor-counter\">\n\t\t\t\t\t\t<div class=\"elementor-counter-number-wrapper\">\n\t\t\t\t<span class=\"elementor-counter-number-prefix\"><\/span>\n\t\t\t\t<span class=\"elementor-counter-number\" data-duration=\"2000\" data-to-value=\"129\" data-from-value=\"0\" data-delimiter=\",\">0<\/span>\n\t\t\t\t<span class=\"elementor-counter-number-suffix\"> EUR <\/span>\n\t\t\t<\/div>\n\t\t<\/div>\n\t\t\t\t\t\t<\/div>\n\t\t\t\t<\/div>\n\t\t\t\t<div class=\"elementor-element elementor-element-5ba7164 elementor-widget elementor-widget-text-editor\" data-id=\"5ba7164\" data-element_type=\"widget\" data-widget_type=\"text-editor.default\">\n\t\t\t\t<div class=\"elementor-widget-container\">\n\t\t\t\t\t\t\t\t\t<p>When you decide to organize a trip to an unfamiliar country yourself, you can quickly get lost in the abundance of information on the Internet, what to see and do, although it does not always meet your expectations. After finding out what you expect from the holiday and what intensity of holiday you want, we will create an individual plan and program. You can choose a looser recommendation plan (plan your own time according to the recommendations) or a more precise plan according to the arranged schedule. In the individual plan, you will find a list of places of interest, mountain hiking routes, entertainment, tried and tested restaurants, bars, terraces, observation decks, and places for the most beautiful sunsets.<\/p>\t\t\t\t\t\t\t\t<\/div>\n\t\t\t\t<\/div>\n\t\t\t\t<div class=\"elementor-element elementor-element-c2084be elementor-mobile-align-center elementor-align-right elementor-tablet-align-center elementor-widget elementor-widget-button\" data-id=\"c2084be\" data-element_type=\"widget\" data-widget_type=\"button.default\">\n\t\t\t\t<div class=\"elementor-widget-container\">\n\t\t\t\t\t\t\t\t\t<div class=\"elementor-button-wrapper\">\n\t\t\t\t\t<a class=\"elementor-button elementor-button-link elementor-size-lg\" href=\"#elementor-action%3Aaction%3Dpopup%3Aopen%26settings%3DeyJpZCI6IjkxNCIsInRvZ2dsZSI6ZmFsc2V9\">\n\t\t\t\t\t\t<span class=\"elementor-button-content-wrapper\">\n\t\t\t\t\t\t\t\t\t<span class=\"elementor-button-text\">SEND INQUIRY<\/span>\n\t\t\t\t\t<\/span>\n\t\t\t\t\t<\/a>\n\t\t\t\t<\/div>\n\t\t\t\t\t\t\t\t<\/div>\n\t\t\t\t<\/div>\n\t\t\t\t\t<\/div>\n\t\t<\/div>\n\t\t\t\t<div class=\"elementor-column elementor-col-50 elementor-top-column elementor-element elementor-element-9aab980\" data-id=\"9aab980\" data-element_type=\"column\">\n\t\t\t<div class=\"elementor-widget-wrap elementor-element-populated\">\n\t\t\t\t\t\t<div class=\"elementor-element elementor-element-20e768f elementor-widget elementor-widget-image\" data-id=\"20e768f\" data-element_type=\"widget\" data-widget_type=\"image.default\">\n\t\t\t\t<div class=\"elementor-widget-container\">\n\t\t\t\t\t\t\t\t\t\t\t\t\t\t\t<img fetchpriority=\"high\" decoding=\"async\" width=\"1920\" height=\"2560\" src=\"https:\/\/tenerifeonthego.com\/wp-content\/uploads\/2024\/05\/IMG_9582-copy-scaled.jpg\" class=\"attachment-full size-full wp-image-1328\" alt=\"Las Americas\" srcset=\"https:\/\/tenerifeonthego.com\/wp-content\/uploads\/2024\/05\/IMG_9582-copy-scaled.jpg 1920w, https:\/\/tenerifeonthego.com\/wp-content\/uploads\/2024\/05\/IMG_9582-copy-scaled-600x800.jpg 600w, https:\/\/tenerifeonthego.com\/wp-content\/uploads\/2024\/05\/IMG_9582-copy-scaled-400x533.jpg 400w, https:\/\/tenerifeonthego.com\/wp-content\/uploads\/2024\/05\/IMG_9582-copy-225x300.jpg 225w, https:\/\/tenerifeonthego.com\/wp-content\/uploads\/2024\/05\/IMG_9582-copy-768x1024.jpg 768w, https:\/\/tenerifeonthego.com\/wp-content\/uploads\/2024\/05\/IMG_9582-copy-1152x1536.jpg 1152w, https:\/\/tenerifeonthego.com\/wp-content\/uploads\/2024\/05\/IMG_9582-copy-1536x2048.jpg 1536w, https:\/\/tenerifeonthego.com\/wp-content\/uploads\/2024\/05\/IMG_9582-copy-9x12.jpg 9w\" sizes=\"(max-width: 1920px) 100vw, 1920px\" \/>\t\t\t\t\t\t\t\t\t\t\t\t\t\t\t<\/div>\n\t\t\t\t<\/div>\n\t\t\t\t<div class=\"elementor-element elementor-element-d054a8d animated-slow elementor-invisible elementor-widget elementor-widget-image\" data-id=\"d054a8d\" data-element_type=\"widget\" data-settings=\"{&quot;_animation&quot;:&quot;rollIn&quot;,&quot;_animation_delay&quot;:300}\" data-widget_type=\"image.default\">\n\t\t\t\t<div class=\"elementor-widget-container\">\n\t\t\t\t\t\t\t\t\t\t\t\t\t\t\t<img decoding=\"async\" width=\"1080\" height=\"1080\" src=\"https:\/\/tenerifeonthego.com\/wp-content\/uploads\/2024\/05\/Untitled-design-2.png\" class=\"attachment-full size-full wp-image-1351\" alt=\"\" srcset=\"https:\/\/tenerifeonthego.com\/wp-content\/uploads\/2024\/05\/Untitled-design-2.png 1080w, https:\/\/tenerifeonthego.com\/wp-content\/uploads\/2024\/05\/Untitled-design-2-300x300.png 300w, https:\/\/tenerifeonthego.com\/wp-content\/uploads\/2024\/05\/Untitled-design-2-100x100.png 100w, https:\/\/tenerifeonthego.com\/wp-content\/uploads\/2024\/05\/Untitled-design-2-600x600.png 600w, https:\/\/tenerifeonthego.com\/wp-content\/uploads\/2024\/05\/Untitled-design-2-400x400.png 400w, https:\/\/tenerifeonthego.com\/wp-content\/uploads\/2024\/05\/Untitled-design-2-1024x1024.png 1024w, https:\/\/tenerifeonthego.com\/wp-content\/uploads\/2024\/05\/Untitled-design-2-150x150.png 150w, https:\/\/tenerifeonthego.com\/wp-content\/uploads\/2024\/05\/Untitled-design-2-768x768.png 768w, https:\/\/tenerifeonthego.com\/wp-content\/uploads\/2024\/05\/Untitled-design-2-12x12.png 12w\" sizes=\"(max-width: 1080px) 100vw, 1080px\" \/>\t\t\t\t\t\t\t\t\t\t\t\t\t\t\t<\/div>\n\t\t\t\t<\/div>\n\t\t\t\t\t<\/div>\n\t\t<\/div>\n\t\t\t\t\t<\/div>\n\t\t<\/section>\n\t\t\t\t<\/div>","protected":false},"excerpt":{"rendered":"<p>Individualus kelion\u0117s planas 0 EUR Apsi\u0117mus organizuoti kelion\u0119 pa\u010diam \u012f nepa\u017e\u012fstam\u0105 \u0161al\u012f, greitai galima pasimesti tarp informacijos gausos internete, k\u0105 pamatyti ir nuveikti, nors tai ne visada atitinka J\u016bs\u0173 l\u016bkes\u010dius. I\u0161siai\u0161kin\u0119, ko tikit\u0117s i\u0161 kelion\u0117s, kokio intensyvumo atostog\u0173 norisi, sudarysime individual\u0173 plan\u0105 ir program\u0105. Galima rinktis laisvesn\u012f rekomendacinio pob\u016bd\u017eio plan\u0105 (planuotis savo laik\u0105 patiems pagal [&hellip;]<\/p>","protected":false},"author":1,"featured_media":0,"parent":459,"menu_order":0,"comment_status":"closed","ping_status":"closed","template":"elementor_header_footer","meta":{"_acf_changed":false,"footnotes":""},"class_list":["post-1995","page","type-page","status-publish","hentry"],"blocksy_meta":[],"acf":[],"yoast_head":"<!-- This site is optimized with the Yoast SEO plugin v27.4 - https:\/\/yoast.com\/product\/yoast-seo-wordpress\/ -->\n<title>TENERIFE ON-THE-GO<\/title>\n<meta name=\"robots\" content=\"index, follow, max-snippet:-1, max-image-preview:large, max-video-preview:-1\" \/>\n<link rel=\"canonical\" href=\"https:\/\/tenerifeonthego.com\/en\/services\/individualus-keliones-planas\/\" \/>\n<meta property=\"og:locale\" content=\"en_GB\" \/>\n<meta property=\"og:type\" content=\"article\" \/>\n<meta property=\"og:description\" content=\"Individualus kelion\u0117s planas 0 EUR Apsi\u0117mus organizuoti kelion\u0119 pa\u010diam \u012f nepa\u017e\u012fstam\u0105 \u0161al\u012f, greitai galima pasimesti tarp informacijos gausos internete, k\u0105 pamatyti ir nuveikti, nors tai ne visada atitinka J\u016bs\u0173 l\u016bkes\u010dius. I\u0161siai\u0161kin\u0119, ko tikit\u0117s i\u0161 kelion\u0117s, kokio intensyvumo atostog\u0173 norisi, sudarysime individual\u0173 plan\u0105 ir program\u0105. Galima rinktis laisvesn\u012f rekomendacinio pob\u016bd\u017eio plan\u0105 (planuotis savo laik\u0105 patiems pagal [&hellip;]\" \/>\n<meta property=\"og:url\" content=\"https:\/\/tenerifeonthego.com\/en\/services\/individualus-keliones-planas\/\" \/>\n<meta property=\"og:site_name\" content=\"TENERIFE ON-THE-GO\" \/>\n<meta property=\"article:publisher\" content=\"https:\/\/www.facebook.com\/tenerifeonthego\" \/>\n<meta property=\"article:modified_time\" content=\"2025-05-23T14:16:19+00:00\" \/>\n<meta property=\"og:image\" content=\"https:\/\/tenerifeonthego.com\/wp-content\/uploads\/2024\/05\/IMG_9582-copy-scaled.jpg\" \/>\n\t<meta property=\"og:image:width\" content=\"1920\" \/>\n\t<meta property=\"og:image:height\" content=\"2560\" \/>\n\t<meta property=\"og:image:type\" content=\"image\/jpeg\" \/>\n<meta name=\"twitter:card\" content=\"summary_large_image\" \/>\n<meta name=\"twitter:label1\" content=\"Estimated reading time\" \/>\n\t<meta name=\"twitter:data1\" content=\"1 minute\" \/>\n<script type=\"application\/ld+json\" class=\"yoast-schema-graph\">{\"@context\":\"https:\\\/\\\/schema.org\",\"@graph\":[{\"@type\":\"WebPage\",\"@id\":\"https:\\\/\\\/tenerifeonthego.com\\\/paslaugos\\\/individualus-keliones-planas\\\/\",\"url\":\"https:\\\/\\\/tenerifeonthego.com\\\/paslaugos\\\/individualus-keliones-planas\\\/\",\"name\":\"\",\"isPartOf\":{\"@id\":\"https:\\\/\\\/tenerifeonthego.com\\\/#website\"},\"primaryImageOfPage\":{\"@id\":\"https:\\\/\\\/tenerifeonthego.com\\\/paslaugos\\\/individualus-keliones-planas\\\/#primaryimage\"},\"image\":{\"@id\":\"https:\\\/\\\/tenerifeonthego.com\\\/paslaugos\\\/individualus-keliones-planas\\\/#primaryimage\"},\"thumbnailUrl\":\"https:\\\/\\\/tenerifeonthego.com\\\/wp-content\\\/uploads\\\/2024\\\/05\\\/IMG_9582-copy-scaled.jpg\",\"datePublished\":\"2025-05-23T14:11:23+00:00\",\"dateModified\":\"2025-05-23T14:16:19+00:00\",\"breadcrumb\":{\"@id\":\"https:\\\/\\\/tenerifeonthego.com\\\/paslaugos\\\/individualus-keliones-planas\\\/#breadcrumb\"},\"inLanguage\":\"en-GB\",\"potentialAction\":[{\"@type\":\"ReadAction\",\"target\":[\"https:\\\/\\\/tenerifeonthego.com\\\/paslaugos\\\/individualus-keliones-planas\\\/\"]}]},{\"@type\":\"ImageObject\",\"inLanguage\":\"en-GB\",\"@id\":\"https:\\\/\\\/tenerifeonthego.com\\\/paslaugos\\\/individualus-keliones-planas\\\/#primaryimage\",\"url\":\"https:\\\/\\\/tenerifeonthego.com\\\/wp-content\\\/uploads\\\/2024\\\/05\\\/IMG_9582-copy-scaled.jpg\",\"contentUrl\":\"https:\\\/\\\/tenerifeonthego.com\\\/wp-content\\\/uploads\\\/2024\\\/05\\\/IMG_9582-copy-scaled.jpg\"},{\"@type\":\"BreadcrumbList\",\"@id\":\"https:\\\/\\\/tenerifeonthego.com\\\/paslaugos\\\/individualus-keliones-planas\\\/#breadcrumb\",\"itemListElement\":[{\"@type\":\"ListItem\",\"position\":1,\"name\":\"Home\",\"item\":\"https:\\\/\\\/tenerifeonthego.com\\\/\"},{\"@type\":\"ListItem\",\"position\":2,\"name\":\"Paslaugos\",\"item\":\"https:\\\/\\\/tenerifeonthego.com\\\/paslaugos\\\/\"},{\"@type\":\"ListItem\",\"position\":3,\"name\":\"Individualus kelion\u0117s planas\"}]},{\"@type\":\"WebSite\",\"@id\":\"https:\\\/\\\/tenerifeonthego.com\\\/#website\",\"url\":\"https:\\\/\\\/tenerifeonthego.com\\\/\",\"name\":\"TENERIFE ON-THE-GO\",\"description\":\"\",\"publisher\":{\"@id\":\"https:\\\/\\\/tenerifeonthego.com\\\/#organization\"},\"potentialAction\":[{\"@type\":\"SearchAction\",\"target\":{\"@type\":\"EntryPoint\",\"urlTemplate\":\"https:\\\/\\\/tenerifeonthego.com\\\/?s={search_term_string}\"},\"query-input\":{\"@type\":\"PropertyValueSpecification\",\"valueRequired\":true,\"valueName\":\"search_term_string\"}}],\"inLanguage\":\"en-GB\"},{\"@type\":\"Organization\",\"@id\":\"https:\\\/\\\/tenerifeonthego.com\\\/#organization\",\"name\":\"TENERIFE ON-THE-GO\",\"url\":\"https:\\\/\\\/tenerifeonthego.com\\\/\",\"logo\":{\"@type\":\"ImageObject\",\"inLanguage\":\"en-GB\",\"@id\":\"https:\\\/\\\/tenerifeonthego.com\\\/#\\\/schema\\\/logo\\\/image\\\/\",\"url\":\"https:\\\/\\\/tenerifeonthego.com\\\/wp-content\\\/uploads\\\/2024\\\/05\\\/Tenerife_logo-removebg-preview-e1716283746938.png\",\"contentUrl\":\"https:\\\/\\\/tenerifeonthego.com\\\/wp-content\\\/uploads\\\/2024\\\/05\\\/Tenerife_logo-removebg-preview-e1716283746938.png\",\"width\":359,\"height\":299,\"caption\":\"TENERIFE ON-THE-GO\"},\"image\":{\"@id\":\"https:\\\/\\\/tenerifeonthego.com\\\/#\\\/schema\\\/logo\\\/image\\\/\"},\"sameAs\":[\"https:\\\/\\\/www.facebook.com\\\/tenerifeonthego\",\"https:\\\/\\\/www.instagram.com\\\/tenerifeonthego\\\/\"]}]}<\/script>\n<!-- \/ Yoast SEO plugin. -->","yoast_head_json":{"title":"TENERIFE ON-THE-GO","robots":{"index":"index","follow":"follow","max-snippet":"max-snippet:-1","max-image-preview":"max-image-preview:large","max-video-preview":"max-video-preview:-1"},"canonical":"https:\/\/tenerifeonthego.com\/en\/services\/individualus-keliones-planas\/","og_locale":"en_GB","og_type":"article","og_description":"Individualus kelion\u0117s planas 0 EUR Apsi\u0117mus organizuoti kelion\u0119 pa\u010diam \u012f nepa\u017e\u012fstam\u0105 \u0161al\u012f, greitai galima pasimesti tarp informacijos gausos internete, k\u0105 pamatyti ir nuveikti, nors tai ne visada atitinka J\u016bs\u0173 l\u016bkes\u010dius. I\u0161siai\u0161kin\u0119, ko tikit\u0117s i\u0161 kelion\u0117s, kokio intensyvumo atostog\u0173 norisi, sudarysime individual\u0173 plan\u0105 ir program\u0105. Galima rinktis laisvesn\u012f rekomendacinio pob\u016bd\u017eio plan\u0105 (planuotis savo laik\u0105 patiems pagal [&hellip;]","og_url":"https:\/\/tenerifeonthego.com\/en\/services\/individualus-keliones-planas\/","og_site_name":"TENERIFE ON-THE-GO","article_publisher":"https:\/\/www.facebook.com\/tenerifeonthego","article_modified_time":"2025-05-23T14:16:19+00:00","og_image":[{"width":1920,"height":2560,"url":"https:\/\/tenerifeonthego.com\/wp-content\/uploads\/2024\/05\/IMG_9582-copy-scaled.jpg","type":"image\/jpeg"}],"twitter_card":"summary_large_image","twitter_misc":{"Estimated reading time":"1 minute"},"schema":{"@context":"https:\/\/schema.org","@graph":[{"@type":"WebPage","@id":"https:\/\/tenerifeonthego.com\/paslaugos\/individualus-keliones-planas\/","url":"https:\/\/tenerifeonthego.com\/paslaugos\/individualus-keliones-planas\/","name":"","isPartOf":{"@id":"https:\/\/tenerifeonthego.com\/#website"},"primaryImageOfPage":{"@id":"https:\/\/tenerifeonthego.com\/paslaugos\/individualus-keliones-planas\/#primaryimage"},"image":{"@id":"https:\/\/tenerifeonthego.com\/paslaugos\/individualus-keliones-planas\/#primaryimage"},"thumbnailUrl":"https:\/\/tenerifeonthego.com\/wp-content\/uploads\/2024\/05\/IMG_9582-copy-scaled.jpg","datePublished":"2025-05-23T14:11:23+00:00","dateModified":"2025-05-23T14:16:19+00:00","breadcrumb":{"@id":"https:\/\/tenerifeonthego.com\/paslaugos\/individualus-keliones-planas\/#breadcrumb"},"inLanguage":"en-GB","potentialAction":[{"@type":"ReadAction","target":["https:\/\/tenerifeonthego.com\/paslaugos\/individualus-keliones-planas\/"]}]},{"@type":"ImageObject","inLanguage":"en-GB","@id":"https:\/\/tenerifeonthego.com\/paslaugos\/individualus-keliones-planas\/#primaryimage","url":"https:\/\/tenerifeonthego.com\/wp-content\/uploads\/2024\/05\/IMG_9582-copy-scaled.jpg","contentUrl":"https:\/\/tenerifeonthego.com\/wp-content\/uploads\/2024\/05\/IMG_9582-copy-scaled.jpg"},{"@type":"BreadcrumbList","@id":"https:\/\/tenerifeonthego.com\/paslaugos\/individualus-keliones-planas\/#breadcrumb","itemListElement":[{"@type":"ListItem","position":1,"name":"Home","item":"https:\/\/tenerifeonthego.com\/"},{"@type":"ListItem","position":2,"name":"Paslaugos","item":"https:\/\/tenerifeonthego.com\/paslaugos\/"},{"@type":"ListItem","position":3,"name":"Individualus kelion\u0117s planas"}]},{"@type":"WebSite","@id":"https:\/\/tenerifeonthego.com\/#website","url":"https:\/\/tenerifeonthego.com\/","name":"TENERIFE ON-THE-GO","description":"","publisher":{"@id":"https:\/\/tenerifeonthego.com\/#organization"},"potentialAction":[{"@type":"SearchAction","target":{"@type":"EntryPoint","urlTemplate":"https:\/\/tenerifeonthego.com\/?s={search_term_string}"},"query-input":{"@type":"PropertyValueSpecification","valueRequired":true,"valueName":"search_term_string"}}],"inLanguage":"en-GB"},{"@type":"Organization","@id":"https:\/\/tenerifeonthego.com\/#organization","name":"TENERIFE ON-THE-GO","url":"https:\/\/tenerifeonthego.com\/","logo":{"@type":"ImageObject","inLanguage":"en-GB","@id":"https:\/\/tenerifeonthego.com\/#\/schema\/logo\/image\/","url":"https:\/\/tenerifeonthego.com\/wp-content\/uploads\/2024\/05\/Tenerife_logo-removebg-preview-e1716283746938.png","contentUrl":"https:\/\/tenerifeonthego.com\/wp-content\/uploads\/2024\/05\/Tenerife_logo-removebg-preview-e1716283746938.png","width":359,"height":299,"caption":"TENERIFE ON-THE-GO"},"image":{"@id":"https:\/\/tenerifeonthego.com\/#\/schema\/logo\/image\/"},"sameAs":["https:\/\/www.facebook.com\/tenerifeonthego","https:\/\/www.instagram.com\/tenerifeonthego\/"]}]}},"_links":{"self":[{"href":"https:\/\/tenerifeonthego.com\/en\/wp-json\/wp\/v2\/pages\/1995","targetHints":{"allow":["GET"]}}],"collection":[{"href":"https:\/\/tenerifeonthego.com\/en\/wp-json\/wp\/v2\/pages"}],"about":[{"href":"https:\/\/tenerifeonthego.com\/en\/wp-json\/wp\/v2\/types\/page"}],"author":[{"embeddable":true,"href":"https:\/\/tenerifeonthego.com\/en\/wp-json\/wp\/v2\/users\/1"}],"replies":[{"embeddable":true,"href":"https:\/\/tenerifeonthego.com\/en\/wp-json\/wp\/v2\/comments?post=1995"}],"version-history":[{"count":1,"href":"https:\/\/tenerifeonthego.com\/en\/wp-json\/wp\/v2\/pages\/1995\/revisions"}],"predecessor-version":[{"id":2008,"href":"https:\/\/tenerifeonthego.com\/en\/wp-json\/wp\/v2\/pages\/1995\/revisions\/2008"}],"up":[{"embeddable":true,"href":"https:\/\/tenerifeonthego.com\/en\/wp-json\/wp\/v2\/pages\/459"}],"wp:attachment":[{"href":"https:\/\/tenerifeonthego.com\/en\/wp-json\/wp\/v2\/media?parent=1995"}],"curies":[{"name":"wp","href":"https:\/\/api.w.org\/{rel}","templated":true}]}}