{"id":1999,"date":"2025-05-23T17:13:28","date_gmt":"2025-05-23T14:13:28","guid":{"rendered":"https:\/\/tenerifeonthego.com\/?page_id=1999"},"modified":"2025-05-23T17:17:59","modified_gmt":"2025-05-23T14:17:59","slug":"surf-pamoka","status":"publish","type":"page","link":"https:\/\/tenerifeonthego.com\/en\/services\/surf-pamoka\/","title":{"rendered":"SURF lesson"},"content":{"rendered":"<div data-elementor-type=\"wp-page\" data-elementor-id=\"1999\" class=\"elementor elementor-1999\" data-elementor-post-type=\"page\">\n\t\t\t\t\t\t<section class=\"elementor-section elementor-top-section elementor-element elementor-element-8aad588 ct-section-stretched elementor-reverse-tablet elementor-reverse-mobile elementor-section-boxed elementor-section-height-default elementor-section-height-default\" data-id=\"8aad588\" data-element_type=\"section\">\n\t\t\t\t\t\t<div class=\"elementor-container elementor-column-gap-wider\">\n\t\t\t\t\t<div class=\"elementor-column elementor-col-50 elementor-top-column elementor-element elementor-element-2fcb4a6\" data-id=\"2fcb4a6\" data-element_type=\"column\">\n\t\t\t<div class=\"elementor-widget-wrap elementor-element-populated\">\n\t\t\t\t\t\t<div class=\"elementor-element elementor-element-d38812e animated-slow elementor-invisible elementor-widget elementor-widget-heading\" data-id=\"d38812e\" data-element_type=\"widget\" data-settings=\"{&quot;_animation&quot;:&quot;fadeInUp&quot;,&quot;_animation_delay&quot;:200}\" data-widget_type=\"heading.default\">\n\t\t\t\t<div class=\"elementor-widget-container\">\n\t\t\t\t\t<h2 class=\"elementor-heading-title elementor-size-default\">SURF lesson<\/h2>\t\t\t\t<\/div>\n\t\t\t\t<\/div>\n\t\t\t\t<div class=\"elementor-element elementor-element-c3694a7 elementor-widget elementor-widget-counter\" data-id=\"c3694a7\" data-element_type=\"widget\" data-widget_type=\"counter.default\">\n\t\t\t\t<div class=\"elementor-widget-container\">\n\t\t\t\t\t\t\t<div class=\"elementor-counter\">\n\t\t\t\t\t\t<div class=\"elementor-counter-number-wrapper\">\n\t\t\t\t<span class=\"elementor-counter-number-prefix\">from <\/span>\n\t\t\t\t<span class=\"elementor-counter-number\" data-duration=\"2000\" data-to-value=\"40\" data-from-value=\"0\" data-delimiter=\",\">0<\/span>\n\t\t\t\t<span class=\"elementor-counter-number-suffix\"> EUR <\/span>\n\t\t\t<\/div>\n\t\t<\/div>\n\t\t\t\t\t\t<\/div>\n\t\t\t\t<\/div>\n\t\t\t\t<div class=\"elementor-element elementor-element-8caa733 elementor-widget elementor-widget-text-editor\" data-id=\"8caa733\" data-element_type=\"widget\" data-widget_type=\"text-editor.default\">\n\t\t\t\t<div class=\"elementor-widget-container\">\n\t\t\t\t\t\t\t\t\t<p>We offer individual or group lessons with qualified local trainers. Each 2-hour lesson comprises theoretical and practical components, conducted in English. The price includes all necessary equipment, a wetsuit, and photos.<\/p><p>You have the option to choose between:<\/p><p>Group lesson: 40 EUR per person<br \/>Individual lesson: 90 EUR per person<\/p>\t\t\t\t\t\t\t\t<\/div>\n\t\t\t\t<\/div>\n\t\t\t\t<div class=\"elementor-element elementor-element-32a83ef elementor-mobile-align-center elementor-align-right elementor-tablet-align-center elementor-widget elementor-widget-button\" data-id=\"32a83ef\" data-element_type=\"widget\" data-widget_type=\"button.default\">\n\t\t\t\t<div class=\"elementor-widget-container\">\n\t\t\t\t\t\t\t\t\t<div class=\"elementor-button-wrapper\">\n\t\t\t\t\t<a class=\"elementor-button elementor-button-link elementor-size-lg\" href=\"#elementor-action%3Aaction%3Dpopup%3Aopen%26settings%3DeyJpZCI6IjkyMCIsInRvZ2dsZSI6ZmFsc2V9\">\n\t\t\t\t\t\t<span class=\"elementor-button-content-wrapper\">\n\t\t\t\t\t\t\t\t\t<span class=\"elementor-button-text\">RESERVE<\/span>\n\t\t\t\t\t<\/span>\n\t\t\t\t\t<\/a>\n\t\t\t\t<\/div>\n\t\t\t\t\t\t\t\t<\/div>\n\t\t\t\t<\/div>\n\t\t\t\t\t<\/div>\n\t\t<\/div>\n\t\t\t\t<div class=\"elementor-column elementor-col-50 elementor-top-column elementor-element elementor-element-00dda57\" data-id=\"00dda57\" data-element_type=\"column\">\n\t\t\t<div class=\"elementor-widget-wrap elementor-element-populated\">\n\t\t\t\t\t\t<div class=\"elementor-element elementor-element-6ef44eb elementor-widget elementor-widget-image\" data-id=\"6ef44eb\" data-element_type=\"widget\" data-widget_type=\"image.default\">\n\t\t\t\t<div class=\"elementor-widget-container\">\n\t\t\t\t\t\t\t\t\t\t\t\t\t\t\t<img fetchpriority=\"high\" decoding=\"async\" width=\"1920\" height=\"1440\" src=\"https:\/\/tenerifeonthego.com\/wp-content\/uploads\/2024\/05\/IMG_3577.jpg\" class=\"attachment-full size-full wp-image-510\" alt=\"Surf Tenerife\" srcset=\"https:\/\/tenerifeonthego.com\/wp-content\/uploads\/2024\/05\/IMG_3577.jpg 1920w, https:\/\/tenerifeonthego.com\/wp-content\/uploads\/2024\/05\/IMG_3577-600x450.jpg 600w, https:\/\/tenerifeonthego.com\/wp-content\/uploads\/2024\/05\/IMG_3577-400x300.jpg 400w, https:\/\/tenerifeonthego.com\/wp-content\/uploads\/2024\/05\/IMG_3577-300x225.jpg 300w, https:\/\/tenerifeonthego.com\/wp-content\/uploads\/2024\/05\/IMG_3577-1024x768.jpg 1024w, https:\/\/tenerifeonthego.com\/wp-content\/uploads\/2024\/05\/IMG_3577-768x576.jpg 768w, https:\/\/tenerifeonthego.com\/wp-content\/uploads\/2024\/05\/IMG_3577-1536x1152.jpg 1536w\" sizes=\"(max-width: 1920px) 100vw, 1920px\" \/>\t\t\t\t\t\t\t\t\t\t\t\t\t\t\t<\/div>\n\t\t\t\t<\/div>\n\t\t\t\t<div class=\"elementor-element elementor-element-46de5c5 animated-slow elementor-invisible elementor-widget elementor-widget-image\" data-id=\"46de5c5\" data-element_type=\"widget\" data-settings=\"{&quot;_animation&quot;:&quot;rollIn&quot;,&quot;_animation_delay&quot;:300}\" data-widget_type=\"image.default\">\n\t\t\t\t<div class=\"elementor-widget-container\">\n\t\t\t\t\t\t\t\t\t\t\t\t\t\t\t<img decoding=\"async\" width=\"500\" height=\"500\" src=\"https:\/\/tenerifeonthego.com\/wp-content\/uploads\/2024\/05\/4-min.png\" class=\"attachment-full size-full wp-image-592\" alt=\"SURF SESSIONS\" srcset=\"https:\/\/tenerifeonthego.com\/wp-content\/uploads\/2024\/05\/4-min.png 500w, https:\/\/tenerifeonthego.com\/wp-content\/uploads\/2024\/05\/4-min-300x300.png 300w, https:\/\/tenerifeonthego.com\/wp-content\/uploads\/2024\/05\/4-min-100x100.png 100w, https:\/\/tenerifeonthego.com\/wp-content\/uploads\/2024\/05\/4-min-400x400.png 400w, https:\/\/tenerifeonthego.com\/wp-content\/uploads\/2024\/05\/4-min-150x150.png 150w\" sizes=\"(max-width: 500px) 100vw, 500px\" \/>\t\t\t\t\t\t\t\t\t\t\t\t\t\t\t<\/div>\n\t\t\t\t<\/div>\n\t\t\t\t\t<\/div>\n\t\t<\/div>\n\t\t\t\t\t<\/div>\n\t\t<\/section>\n\t\t\t\t<\/div>","protected":false},"excerpt":{"rendered":"<p>SURF pamoka nuo 0 EUR Individuali arba grupin\u0117 pamoka su kvalifikuotais vietiniais treneriais. 2h pamoka susideda i\u0161 teorin\u0117s ir praktin\u0117s dali\u0173. Angl\u0173 kalba b\u016btina. \u012e kain\u0105 \u012fskai\u010diuota visa reikalinga \u012franga, hidrokostiumas bei nuotraukos. Galima rinktis individuali\u0105 arba grupin\u0119 pamok\u0105: Grupin\u0117s pamokos kaina &#8211; 40 EURIndividualios pamokos kaina &#8211; 90 EUR REZERVUOTI<\/p>","protected":false},"author":1,"featured_media":0,"parent":459,"menu_order":0,"comment_status":"closed","ping_status":"closed","template":"elementor_header_footer","meta":{"_acf_changed":false,"footnotes":""},"class_list":["post-1999","page","type-page","status-publish","hentry"],"blocksy_meta":[],"acf":[],"yoast_head":"<!-- This site is optimized with the Yoast SEO plugin v27.4 - https:\/\/yoast.com\/product\/yoast-seo-wordpress\/ -->\n<title>TENERIFE ON-THE-GO<\/title>\n<meta name=\"robots\" content=\"index, follow, max-snippet:-1, max-image-preview:large, max-video-preview:-1\" \/>\n<link rel=\"canonical\" href=\"https:\/\/tenerifeonthego.com\/en\/services\/surf-pamoka\/\" \/>\n<meta property=\"og:locale\" content=\"en_GB\" \/>\n<meta property=\"og:type\" content=\"article\" \/>\n<meta property=\"og:description\" content=\"SURF pamoka nuo 0 EUR Individuali arba grupin\u0117 pamoka su kvalifikuotais vietiniais treneriais. 2h pamoka susideda i\u0161 teorin\u0117s ir praktin\u0117s dali\u0173. Angl\u0173 kalba b\u016btina. \u012e kain\u0105 \u012fskai\u010diuota visa reikalinga \u012franga, hidrokostiumas bei nuotraukos. Galima rinktis individuali\u0105 arba grupin\u0119 pamok\u0105: Grupin\u0117s pamokos kaina &#8211; 40 EURIndividualios pamokos kaina &#8211; 90 EUR REZERVUOTI\" \/>\n<meta property=\"og:url\" content=\"https:\/\/tenerifeonthego.com\/en\/services\/surf-pamoka\/\" \/>\n<meta property=\"og:site_name\" content=\"TENERIFE ON-THE-GO\" \/>\n<meta property=\"article:publisher\" content=\"https:\/\/www.facebook.com\/tenerifeonthego\" \/>\n<meta property=\"article:modified_time\" content=\"2025-05-23T14:17:59+00:00\" \/>\n<meta property=\"og:image\" content=\"https:\/\/tenerifeonthego.com\/wp-content\/uploads\/2024\/05\/IMG_7703-scaled.jpg\" \/>\n\t<meta property=\"og:image:width\" content=\"1920\" \/>\n\t<meta property=\"og:image:height\" content=\"2560\" \/>\n\t<meta property=\"og:image:type\" content=\"image\/jpeg\" \/>\n<meta name=\"twitter:card\" content=\"summary_large_image\" \/>\n<meta name=\"twitter:label1\" content=\"Estimated reading time\" \/>\n\t<meta name=\"twitter:data1\" content=\"1 minute\" \/>\n<script type=\"application\/ld+json\" class=\"yoast-schema-graph\">{\"@context\":\"https:\\\/\\\/schema.org\",\"@graph\":[{\"@type\":\"WebPage\",\"@id\":\"https:\\\/\\\/tenerifeonthego.com\\\/paslaugos\\\/surf-pamoka\\\/\",\"url\":\"https:\\\/\\\/tenerifeonthego.com\\\/paslaugos\\\/surf-pamoka\\\/\",\"name\":\"\",\"isPartOf\":{\"@id\":\"https:\\\/\\\/tenerifeonthego.com\\\/#website\"},\"primaryImageOfPage\":{\"@id\":\"https:\\\/\\\/tenerifeonthego.com\\\/paslaugos\\\/surf-pamoka\\\/#primaryimage\"},\"image\":{\"@id\":\"https:\\\/\\\/tenerifeonthego.com\\\/paslaugos\\\/surf-pamoka\\\/#primaryimage\"},\"thumbnailUrl\":\"https:\\\/\\\/tenerifeonthego.com\\\/wp-content\\\/uploads\\\/2024\\\/05\\\/IMG_3577.jpg\",\"datePublished\":\"2025-05-23T14:13:28+00:00\",\"dateModified\":\"2025-05-23T14:17:59+00:00\",\"breadcrumb\":{\"@id\":\"https:\\\/\\\/tenerifeonthego.com\\\/paslaugos\\\/surf-pamoka\\\/#breadcrumb\"},\"inLanguage\":\"en-GB\",\"potentialAction\":[{\"@type\":\"ReadAction\",\"target\":[\"https:\\\/\\\/tenerifeonthego.com\\\/paslaugos\\\/surf-pamoka\\\/\"]}]},{\"@type\":\"ImageObject\",\"inLanguage\":\"en-GB\",\"@id\":\"https:\\\/\\\/tenerifeonthego.com\\\/paslaugos\\\/surf-pamoka\\\/#primaryimage\",\"url\":\"https:\\\/\\\/tenerifeonthego.com\\\/wp-content\\\/uploads\\\/2024\\\/05\\\/IMG_3577.jpg\",\"contentUrl\":\"https:\\\/\\\/tenerifeonthego.com\\\/wp-content\\\/uploads\\\/2024\\\/05\\\/IMG_3577.jpg\"},{\"@type\":\"BreadcrumbList\",\"@id\":\"https:\\\/\\\/tenerifeonthego.com\\\/paslaugos\\\/surf-pamoka\\\/#breadcrumb\",\"itemListElement\":[{\"@type\":\"ListItem\",\"position\":1,\"name\":\"Home\",\"item\":\"https:\\\/\\\/tenerifeonthego.com\\\/\"},{\"@type\":\"ListItem\",\"position\":2,\"name\":\"Paslaugos\",\"item\":\"https:\\\/\\\/tenerifeonthego.com\\\/paslaugos\\\/\"},{\"@type\":\"ListItem\",\"position\":3,\"name\":\"SURF pamoka\"}]},{\"@type\":\"WebSite\",\"@id\":\"https:\\\/\\\/tenerifeonthego.com\\\/#website\",\"url\":\"https:\\\/\\\/tenerifeonthego.com\\\/\",\"name\":\"TENERIFE ON-THE-GO\",\"description\":\"\",\"publisher\":{\"@id\":\"https:\\\/\\\/tenerifeonthego.com\\\/#organization\"},\"potentialAction\":[{\"@type\":\"SearchAction\",\"target\":{\"@type\":\"EntryPoint\",\"urlTemplate\":\"https:\\\/\\\/tenerifeonthego.com\\\/?s={search_term_string}\"},\"query-input\":{\"@type\":\"PropertyValueSpecification\",\"valueRequired\":true,\"valueName\":\"search_term_string\"}}],\"inLanguage\":\"en-GB\"},{\"@type\":\"Organization\",\"@id\":\"https:\\\/\\\/tenerifeonthego.com\\\/#organization\",\"name\":\"TENERIFE ON-THE-GO\",\"url\":\"https:\\\/\\\/tenerifeonthego.com\\\/\",\"logo\":{\"@type\":\"ImageObject\",\"inLanguage\":\"en-GB\",\"@id\":\"https:\\\/\\\/tenerifeonthego.com\\\/#\\\/schema\\\/logo\\\/image\\\/\",\"url\":\"https:\\\/\\\/tenerifeonthego.com\\\/wp-content\\\/uploads\\\/2024\\\/05\\\/Tenerife_logo-removebg-preview-e1716283746938.png\",\"contentUrl\":\"https:\\\/\\\/tenerifeonthego.com\\\/wp-content\\\/uploads\\\/2024\\\/05\\\/Tenerife_logo-removebg-preview-e1716283746938.png\",\"width\":359,\"height\":299,\"caption\":\"TENERIFE ON-THE-GO\"},\"image\":{\"@id\":\"https:\\\/\\\/tenerifeonthego.com\\\/#\\\/schema\\\/logo\\\/image\\\/\"},\"sameAs\":[\"https:\\\/\\\/www.facebook.com\\\/tenerifeonthego\",\"https:\\\/\\\/www.instagram.com\\\/tenerifeonthego\\\/\"]}]}<\/script>\n<!-- \/ Yoast SEO plugin. -->","yoast_head_json":{"title":"TENERIFE ON-THE-GO","robots":{"index":"index","follow":"follow","max-snippet":"max-snippet:-1","max-image-preview":"max-image-preview:large","max-video-preview":"max-video-preview:-1"},"canonical":"https:\/\/tenerifeonthego.com\/en\/services\/surf-pamoka\/","og_locale":"en_GB","og_type":"article","og_description":"SURF pamoka nuo 0 EUR Individuali arba grupin\u0117 pamoka su kvalifikuotais vietiniais treneriais. 2h pamoka susideda i\u0161 teorin\u0117s ir praktin\u0117s dali\u0173. Angl\u0173 kalba b\u016btina. \u012e kain\u0105 \u012fskai\u010diuota visa reikalinga \u012franga, hidrokostiumas bei nuotraukos. Galima rinktis individuali\u0105 arba grupin\u0119 pamok\u0105: Grupin\u0117s pamokos kaina &#8211; 40 EURIndividualios pamokos kaina &#8211; 90 EUR REZERVUOTI","og_url":"https:\/\/tenerifeonthego.com\/en\/services\/surf-pamoka\/","og_site_name":"TENERIFE ON-THE-GO","article_publisher":"https:\/\/www.facebook.com\/tenerifeonthego","article_modified_time":"2025-05-23T14:17:59+00:00","og_image":[{"width":1920,"height":2560,"url":"https:\/\/tenerifeonthego.com\/wp-content\/uploads\/2024\/05\/IMG_7703-scaled.jpg","type":"image\/jpeg"}],"twitter_card":"summary_large_image","twitter_misc":{"Estimated reading time":"1 minute"},"schema":{"@context":"https:\/\/schema.org","@graph":[{"@type":"WebPage","@id":"https:\/\/tenerifeonthego.com\/paslaugos\/surf-pamoka\/","url":"https:\/\/tenerifeonthego.com\/paslaugos\/surf-pamoka\/","name":"","isPartOf":{"@id":"https:\/\/tenerifeonthego.com\/#website"},"primaryImageOfPage":{"@id":"https:\/\/tenerifeonthego.com\/paslaugos\/surf-pamoka\/#primaryimage"},"image":{"@id":"https:\/\/tenerifeonthego.com\/paslaugos\/surf-pamoka\/#primaryimage"},"thumbnailUrl":"https:\/\/tenerifeonthego.com\/wp-content\/uploads\/2024\/05\/IMG_3577.jpg","datePublished":"2025-05-23T14:13:28+00:00","dateModified":"2025-05-23T14:17:59+00:00","breadcrumb":{"@id":"https:\/\/tenerifeonthego.com\/paslaugos\/surf-pamoka\/#breadcrumb"},"inLanguage":"en-GB","potentialAction":[{"@type":"ReadAction","target":["https:\/\/tenerifeonthego.com\/paslaugos\/surf-pamoka\/"]}]},{"@type":"ImageObject","inLanguage":"en-GB","@id":"https:\/\/tenerifeonthego.com\/paslaugos\/surf-pamoka\/#primaryimage","url":"https:\/\/tenerifeonthego.com\/wp-content\/uploads\/2024\/05\/IMG_3577.jpg","contentUrl":"https:\/\/tenerifeonthego.com\/wp-content\/uploads\/2024\/05\/IMG_3577.jpg"},{"@type":"BreadcrumbList","@id":"https:\/\/tenerifeonthego.com\/paslaugos\/surf-pamoka\/#breadcrumb","itemListElement":[{"@type":"ListItem","position":1,"name":"Home","item":"https:\/\/tenerifeonthego.com\/"},{"@type":"ListItem","position":2,"name":"Paslaugos","item":"https:\/\/tenerifeonthego.com\/paslaugos\/"},{"@type":"ListItem","position":3,"name":"SURF pamoka"}]},{"@type":"WebSite","@id":"https:\/\/tenerifeonthego.com\/#website","url":"https:\/\/tenerifeonthego.com\/","name":"TENERIFE ON-THE-GO","description":"","publisher":{"@id":"https:\/\/tenerifeonthego.com\/#organization"},"potentialAction":[{"@type":"SearchAction","target":{"@type":"EntryPoint","urlTemplate":"https:\/\/tenerifeonthego.com\/?s={search_term_string}"},"query-input":{"@type":"PropertyValueSpecification","valueRequired":true,"valueName":"search_term_string"}}],"inLanguage":"en-GB"},{"@type":"Organization","@id":"https:\/\/tenerifeonthego.com\/#organization","name":"TENERIFE ON-THE-GO","url":"https:\/\/tenerifeonthego.com\/","logo":{"@type":"ImageObject","inLanguage":"en-GB","@id":"https:\/\/tenerifeonthego.com\/#\/schema\/logo\/image\/","url":"https:\/\/tenerifeonthego.com\/wp-content\/uploads\/2024\/05\/Tenerife_logo-removebg-preview-e1716283746938.png","contentUrl":"https:\/\/tenerifeonthego.com\/wp-content\/uploads\/2024\/05\/Tenerife_logo-removebg-preview-e1716283746938.png","width":359,"height":299,"caption":"TENERIFE ON-THE-GO"},"image":{"@id":"https:\/\/tenerifeonthego.com\/#\/schema\/logo\/image\/"},"sameAs":["https:\/\/www.facebook.com\/tenerifeonthego","https:\/\/www.instagram.com\/tenerifeonthego\/"]}]}},"_links":{"self":[{"href":"https:\/\/tenerifeonthego.com\/en\/wp-json\/wp\/v2\/pages\/1999","targetHints":{"allow":["GET"]}}],"collection":[{"href":"https:\/\/tenerifeonthego.com\/en\/wp-json\/wp\/v2\/pages"}],"about":[{"href":"https:\/\/tenerifeonthego.com\/en\/wp-json\/wp\/v2\/types\/page"}],"author":[{"embeddable":true,"href":"https:\/\/tenerifeonthego.com\/en\/wp-json\/wp\/v2\/users\/1"}],"replies":[{"embeddable":true,"href":"https:\/\/tenerifeonthego.com\/en\/wp-json\/wp\/v2\/comments?post=1999"}],"version-history":[{"count":1,"href":"https:\/\/tenerifeonthego.com\/en\/wp-json\/wp\/v2\/pages\/1999\/revisions"}],"predecessor-version":[{"id":2014,"href":"https:\/\/tenerifeonthego.com\/en\/wp-json\/wp\/v2\/pages\/1999\/revisions\/2014"}],"up":[{"embeddable":true,"href":"https:\/\/tenerifeonthego.com\/en\/wp-json\/wp\/v2\/pages\/459"}],"wp:attachment":[{"href":"https:\/\/tenerifeonthego.com\/en\/wp-json\/wp\/v2\/media?parent=1999"}],"curies":[{"name":"wp","href":"https:\/\/api.w.org\/{rel}","templated":true}]}}