{"id":3,"date":"2024-05-15T18:44:39","date_gmt":"2024-05-15T18:44:39","guid":{"rendered":"https:\/\/tenerifeonthego.com\/?page_id=3"},"modified":"2024-06-11T15:27:11","modified_gmt":"2024-06-11T12:27:11","slug":"privatumo-politika","status":"publish","type":"page","link":"https:\/\/tenerifeonthego.com\/en\/privacy-policy\/","title":{"rendered":"Privacy Policy"},"content":{"rendered":"<p>This Privacy Policy (the \u201cPolicy\u201d) governs the collection, use, storage, and protection of personal data when you (the \u201cUser\u201d) use the&nbsp;<a href=\"https:\/\/tenerifeonthego.com\/\" target=\"_blank\" rel=\"noreferrer noopener\">https:\/\/tenerifeonthego.com\/<\/a>&nbsp;website (the \u201cSite\u201d) and its provided services.<\/p>\n\n\n\n<h3 class=\"wp-block-heading\"><strong>1.&nbsp;<\/strong>Collection and Processing of Personal Data<\/h3>\n\n\n\n<p><strong>1.1.&nbsp;<\/strong>When you browse our website, we automatically collect certain information about your device, such as your IP address, browser type and version, the time and date of the pages you visited, and other statistical information.<br><strong>1.2.&nbsp;<\/strong>We may also collect personal data that you choose to submit in forms on our website to respond to your inquiries or provide a certain service.<\/p>\n\n\n\n<h3 class=\"wp-block-heading\"><strong>2.&nbsp;<\/strong>Storage and Protection of Personal Data<\/h3>\n\n\n\n<p><strong>2.1.&nbsp;<\/strong>We are committed to ensuring the confidentiality and security of personal data by applying appropriate technical and organizational measures to protect against unauthorized or inappropriate use, loss, destruction, or damage.<br><strong>2.2.&nbsp;<\/strong>We will retain your personal data to the extent necessary to comply with our legal obligations or pursue our business interests.<br><strong>2.3.&nbsp;<\/strong>You can visit our website without providing any personally identifiable information. However, if you would like to use the functions of our website, receive our newsletter, or fill out our contact form, you can provide us with your personal data such as email, postal address, name, surname, place of residence information, and telephone number. You have the choice not to provide us with your personal data, but in this case, you will not be able to use most of the features provided by the website. Website visitors who are unsure about the information we are required to collect can contact us by email at&nbsp;<a href=\"mailto:tenerifeonthego@gmail.com\" target=\"_blank\" rel=\"noreferrer noopener\">tenerifeonthego@gmail.com<\/a>.<\/p>\n\n\n\n<h3 class=\"wp-block-heading\"><strong>3.&nbsp;<\/strong>Receiving Data from Third Parties<\/h3>\n\n\n\n<p><strong>3.1.&nbsp;<\/strong>We transfer your personal data only to reliable third parties and only to properly implement the purposes of personal data processing. We may also transfer your personal data when required by applicable law or necessary to provide our services.<\/p>\n\n\n\n<h3 class=\"wp-block-heading\"><strong>4.&nbsp;<\/strong>Third Party Sites<\/h3>\n\n\n\n<p><strong>4.1.&nbsp;<\/strong>This website may contain third-party banners and links to their websites and services, over which we have no control and are not responsible for the security or privacy of information collected by third parties. We recommend that you read the privacy statements that apply to third-party websites and services that you use. This privacy policy was created using&nbsp;<a href=\"https:\/\/nordweb.lt\/privatumo-politikos-sablono-generatorius\/\" target=\"_blank\" rel=\"noreferrer noopener\">Nordweb's privacy policy creation tool<\/a>&nbsp;&#8211;&nbsp;<a href=\"https:\/\/nordweb.lt\/\" target=\"_blank\" rel=\"noreferrer noopener\">https:\/\/nordweb.lt<\/a>.<\/p>\n\n\n\n<h3 class=\"wp-block-heading\"><strong>5.&nbsp;<\/strong>Cookies and Tracking Technologies<\/h3>\n\n\n\n<p><strong>5.1.&nbsp;<\/strong>Our website may use cookies and other tracking technologies to improve your experience and analyze traffic. You can choose whether you accept the use of cookies at any time in your browser settings.<br><strong>5.2.&nbsp;<\/strong>We do not associate the visitor's IP address and email address or other personal information with data that allows the identification of the visitor. This means that each visitor's visit session will be logged, but the website visitor will remain anonymous.<\/p>\n\n\n\n<h3 class=\"wp-block-heading\"><strong>6.&nbsp;<\/strong>Your Rights<\/h3>\n\n\n\n<p><strong>6.1.&nbsp;<\/strong>You have the right to familiarize yourself with the personal data collected and processed about you, as well as to request the correction, deletion, or transfer of this data to another organization. You also have the right to object to data processing.<\/p>\n\n\n\n<h3 class=\"wp-block-heading\"><strong>7.&nbsp;<\/strong>Contacts<\/h3>\n\n\n\n<p><strong>7.1.&nbsp;<\/strong>If you have any questions or would like to receive more information about our privacy policy, please contact us by email at&nbsp;<a href=\"mailto:tenerifeonthego@gmail.com\" target=\"_blank\" rel=\"noreferrer noopener\">tenerifeonthego@gmail.com<\/a>.<\/p>","protected":false},"excerpt":{"rendered":"<p>\u0160i privatumo politika (toliau &#8211; \u201epolitika\u201c) reglamentuoja asmens duomen\u0173 rinkim\u0105, naudojim\u0105, saugojim\u0105 ir apsaug\u0105, kai j\u016bs (toliau &#8211; \u201evartotojas\u201c) naudojat\u0117s&nbsp;https:\/\/tenerifeonthego.com\/&nbsp;interneto svetaine (toliau &#8211; \u201esvetain\u0117\u201c) ir jos teikiamomis paslaugomis. 1.&nbsp;Asmens duomen\u0173 rinkimas ir tvarkymas 1.1.&nbsp;Kuomet nar\u0161ote m\u016bs\u0173 svetain\u0117je, automati\u0161kai renkame tam tikr\u0105 informacij\u0105 apie j\u016bs\u0173 \u012frengin\u012f &#8211; j\u016bs\u0173 IP adres\u0105, nar\u0161ykl\u0117s tip\u0105 ir versij\u0105, puslapi\u0173, kuriuose [&hellip;]<\/p>","protected":false},"author":1,"featured_media":0,"parent":0,"menu_order":0,"comment_status":"closed","ping_status":"closed","template":"","meta":{"_acf_changed":false,"footnotes":""},"class_list":["post-3","page","type-page","status-publish","hentry"],"blocksy_meta":[],"acf":[],"yoast_head":"<!-- This site is optimized with the Yoast SEO plugin v27.4 - https:\/\/yoast.com\/product\/yoast-seo-wordpress\/ -->\n<title>TENERIFE ON-THE-GO<\/title>\n<meta name=\"description\" content=\"\u0160i privatumo politika (toliau - \u201epolitika\u201c) reglamentuoja asmens duomen\u0173 rinkim\u0105, naudojim\u0105, saugojim\u0105 ir apsaug\u0105.\" \/>\n<meta name=\"robots\" content=\"index, follow, max-snippet:-1, max-image-preview:large, max-video-preview:-1\" \/>\n<link rel=\"canonical\" href=\"https:\/\/tenerifeonthego.com\/en\/privacy-policy\/\" \/>\n<meta property=\"og:locale\" content=\"en_GB\" \/>\n<meta property=\"og:type\" content=\"article\" \/>\n<meta property=\"og:description\" content=\"\u0160i privatumo politika (toliau - \u201epolitika\u201c) reglamentuoja asmens duomen\u0173 rinkim\u0105, naudojim\u0105, saugojim\u0105 ir apsaug\u0105.\" \/>\n<meta property=\"og:url\" content=\"https:\/\/tenerifeonthego.com\/en\/privacy-policy\/\" \/>\n<meta property=\"og:site_name\" content=\"TENERIFE ON-THE-GO\" \/>\n<meta property=\"article:publisher\" content=\"https:\/\/www.facebook.com\/tenerifeonthego\" \/>\n<meta property=\"article:modified_time\" content=\"2024-06-11T12:27:11+00:00\" \/>\n<meta property=\"og:image\" content=\"https:\/\/tenerifeonthego.com\/wp-content\/uploads\/2024\/05\/TENERIFE-ON-THE-MOVE-6.png\" \/>\n\t<meta property=\"og:image:width\" content=\"1680\" \/>\n\t<meta property=\"og:image:height\" content=\"900\" \/>\n\t<meta property=\"og:image:type\" content=\"image\/png\" \/>\n<meta name=\"twitter:card\" content=\"summary_large_image\" \/>\n<meta name=\"twitter:label1\" content=\"Estimated reading time\" \/>\n\t<meta name=\"twitter:data1\" content=\"3 minutes\" \/>\n<script type=\"application\/ld+json\" class=\"yoast-schema-graph\">{\"@context\":\"https:\\\/\\\/schema.org\",\"@graph\":[{\"@type\":\"WebPage\",\"@id\":\"https:\\\/\\\/tenerifeonthego.com\\\/privatumo-politika\\\/\",\"url\":\"https:\\\/\\\/tenerifeonthego.com\\\/privatumo-politika\\\/\",\"name\":\"\",\"isPartOf\":{\"@id\":\"https:\\\/\\\/tenerifeonthego.com\\\/#website\"},\"datePublished\":\"2024-05-15T18:44:39+00:00\",\"dateModified\":\"2024-06-11T12:27:11+00:00\",\"description\":\"\u0160i privatumo politika (toliau - \u201epolitika\u201c) reglamentuoja asmens duomen\u0173 rinkim\u0105, naudojim\u0105, saugojim\u0105 ir apsaug\u0105.\",\"breadcrumb\":{\"@id\":\"https:\\\/\\\/tenerifeonthego.com\\\/privatumo-politika\\\/#breadcrumb\"},\"inLanguage\":\"en-GB\",\"potentialAction\":[{\"@type\":\"ReadAction\",\"target\":[\"https:\\\/\\\/tenerifeonthego.com\\\/privatumo-politika\\\/\"]}]},{\"@type\":\"BreadcrumbList\",\"@id\":\"https:\\\/\\\/tenerifeonthego.com\\\/privatumo-politika\\\/#breadcrumb\",\"itemListElement\":[{\"@type\":\"ListItem\",\"position\":1,\"name\":\"Home\",\"item\":\"https:\\\/\\\/tenerifeonthego.com\\\/\"},{\"@type\":\"ListItem\",\"position\":2,\"name\":\"Privatumo politika\"}]},{\"@type\":\"WebSite\",\"@id\":\"https:\\\/\\\/tenerifeonthego.com\\\/#website\",\"url\":\"https:\\\/\\\/tenerifeonthego.com\\\/\",\"name\":\"TENERIFE ON-THE-GO\",\"description\":\"\",\"publisher\":{\"@id\":\"https:\\\/\\\/tenerifeonthego.com\\\/#organization\"},\"potentialAction\":[{\"@type\":\"SearchAction\",\"target\":{\"@type\":\"EntryPoint\",\"urlTemplate\":\"https:\\\/\\\/tenerifeonthego.com\\\/?s={search_term_string}\"},\"query-input\":{\"@type\":\"PropertyValueSpecification\",\"valueRequired\":true,\"valueName\":\"search_term_string\"}}],\"inLanguage\":\"en-GB\"},{\"@type\":\"Organization\",\"@id\":\"https:\\\/\\\/tenerifeonthego.com\\\/#organization\",\"name\":\"TENERIFE ON-THE-GO\",\"url\":\"https:\\\/\\\/tenerifeonthego.com\\\/\",\"logo\":{\"@type\":\"ImageObject\",\"inLanguage\":\"en-GB\",\"@id\":\"https:\\\/\\\/tenerifeonthego.com\\\/#\\\/schema\\\/logo\\\/image\\\/\",\"url\":\"https:\\\/\\\/tenerifeonthego.com\\\/wp-content\\\/uploads\\\/2024\\\/05\\\/Tenerife_logo-removebg-preview-e1716283746938.png\",\"contentUrl\":\"https:\\\/\\\/tenerifeonthego.com\\\/wp-content\\\/uploads\\\/2024\\\/05\\\/Tenerife_logo-removebg-preview-e1716283746938.png\",\"width\":359,\"height\":299,\"caption\":\"TENERIFE ON-THE-GO\"},\"image\":{\"@id\":\"https:\\\/\\\/tenerifeonthego.com\\\/#\\\/schema\\\/logo\\\/image\\\/\"},\"sameAs\":[\"https:\\\/\\\/www.facebook.com\\\/tenerifeonthego\",\"https:\\\/\\\/www.instagram.com\\\/tenerifeonthego\\\/\"]}]}<\/script>\n<!-- \/ Yoast SEO plugin. -->","yoast_head_json":{"title":"TENERIFE ON-THE-GO","description":"\u0160i privatumo politika (toliau - \u201epolitika\u201c) reglamentuoja asmens duomen\u0173 rinkim\u0105, naudojim\u0105, saugojim\u0105 ir apsaug\u0105.","robots":{"index":"index","follow":"follow","max-snippet":"max-snippet:-1","max-image-preview":"max-image-preview:large","max-video-preview":"max-video-preview:-1"},"canonical":"https:\/\/tenerifeonthego.com\/en\/privacy-policy\/","og_locale":"en_GB","og_type":"article","og_description":"\u0160i privatumo politika (toliau - \u201epolitika\u201c) reglamentuoja asmens duomen\u0173 rinkim\u0105, naudojim\u0105, saugojim\u0105 ir apsaug\u0105.","og_url":"https:\/\/tenerifeonthego.com\/en\/privacy-policy\/","og_site_name":"TENERIFE ON-THE-GO","article_publisher":"https:\/\/www.facebook.com\/tenerifeonthego","article_modified_time":"2024-06-11T12:27:11+00:00","og_image":[{"width":1680,"height":900,"url":"https:\/\/tenerifeonthego.com\/wp-content\/uploads\/2024\/05\/TENERIFE-ON-THE-MOVE-6.png","type":"image\/png"}],"twitter_card":"summary_large_image","twitter_misc":{"Estimated reading time":"3 minutes"},"schema":{"@context":"https:\/\/schema.org","@graph":[{"@type":"WebPage","@id":"https:\/\/tenerifeonthego.com\/privatumo-politika\/","url":"https:\/\/tenerifeonthego.com\/privatumo-politika\/","name":"","isPartOf":{"@id":"https:\/\/tenerifeonthego.com\/#website"},"datePublished":"2024-05-15T18:44:39+00:00","dateModified":"2024-06-11T12:27:11+00:00","description":"\u0160i privatumo politika (toliau - \u201epolitika\u201c) reglamentuoja asmens duomen\u0173 rinkim\u0105, naudojim\u0105, saugojim\u0105 ir apsaug\u0105.","breadcrumb":{"@id":"https:\/\/tenerifeonthego.com\/privatumo-politika\/#breadcrumb"},"inLanguage":"en-GB","potentialAction":[{"@type":"ReadAction","target":["https:\/\/tenerifeonthego.com\/privatumo-politika\/"]}]},{"@type":"BreadcrumbList","@id":"https:\/\/tenerifeonthego.com\/privatumo-politika\/#breadcrumb","itemListElement":[{"@type":"ListItem","position":1,"name":"Home","item":"https:\/\/tenerifeonthego.com\/"},{"@type":"ListItem","position":2,"name":"Privatumo politika"}]},{"@type":"WebSite","@id":"https:\/\/tenerifeonthego.com\/#website","url":"https:\/\/tenerifeonthego.com\/","name":"TENERIFE ON-THE-GO","description":"","publisher":{"@id":"https:\/\/tenerifeonthego.com\/#organization"},"potentialAction":[{"@type":"SearchAction","target":{"@type":"EntryPoint","urlTemplate":"https:\/\/tenerifeonthego.com\/?s={search_term_string}"},"query-input":{"@type":"PropertyValueSpecification","valueRequired":true,"valueName":"search_term_string"}}],"inLanguage":"en-GB"},{"@type":"Organization","@id":"https:\/\/tenerifeonthego.com\/#organization","name":"TENERIFE ON-THE-GO","url":"https:\/\/tenerifeonthego.com\/","logo":{"@type":"ImageObject","inLanguage":"en-GB","@id":"https:\/\/tenerifeonthego.com\/#\/schema\/logo\/image\/","url":"https:\/\/tenerifeonthego.com\/wp-content\/uploads\/2024\/05\/Tenerife_logo-removebg-preview-e1716283746938.png","contentUrl":"https:\/\/tenerifeonthego.com\/wp-content\/uploads\/2024\/05\/Tenerife_logo-removebg-preview-e1716283746938.png","width":359,"height":299,"caption":"TENERIFE ON-THE-GO"},"image":{"@id":"https:\/\/tenerifeonthego.com\/#\/schema\/logo\/image\/"},"sameAs":["https:\/\/www.facebook.com\/tenerifeonthego","https:\/\/www.instagram.com\/tenerifeonthego\/"]}]}},"_links":{"self":[{"href":"https:\/\/tenerifeonthego.com\/en\/wp-json\/wp\/v2\/pages\/3","targetHints":{"allow":["GET"]}}],"collection":[{"href":"https:\/\/tenerifeonthego.com\/en\/wp-json\/wp\/v2\/pages"}],"about":[{"href":"https:\/\/tenerifeonthego.com\/en\/wp-json\/wp\/v2\/types\/page"}],"author":[{"embeddable":true,"href":"https:\/\/tenerifeonthego.com\/en\/wp-json\/wp\/v2\/users\/1"}],"replies":[{"embeddable":true,"href":"https:\/\/tenerifeonthego.com\/en\/wp-json\/wp\/v2\/comments?post=3"}],"version-history":[{"count":0,"href":"https:\/\/tenerifeonthego.com\/en\/wp-json\/wp\/v2\/pages\/3\/revisions"}],"wp:attachment":[{"href":"https:\/\/tenerifeonthego.com\/en\/wp-json\/wp\/v2\/media?parent=3"}],"curies":[{"name":"wp","href":"https:\/\/api.w.org\/{rel}","templated":true}]}}