{"id":444,"date":"2024-05-22T09:09:51","date_gmt":"2024-05-22T06:09:51","guid":{"rendered":"https:\/\/tenerifeonthego.com\/?page_id=444"},"modified":"2025-07-01T16:38:52","modified_gmt":"2025-07-01T13:38:52","slug":"pirkimo-ir-grazinimo-taisykles","status":"publish","type":"page","link":"https:\/\/tenerifeonthego.com\/en\/purchase-rules\/","title":{"rendered":"Purchase And Return Policy"},"content":{"rendered":"<div data-elementor-type=\"wp-page\" data-elementor-id=\"444\" class=\"elementor elementor-444\" data-elementor-post-type=\"page\">\n\t\t\t\t<div class=\"elementor-element elementor-element-2484d017 e-flex e-con-boxed e-con e-parent\" data-id=\"2484d017\" data-element_type=\"container\">\n\t\t\t\t\t<div class=\"e-con-inner\">\n\t\t\t\t<div class=\"elementor-element elementor-element-597a0874 elementor-widget elementor-widget-text-editor\" data-id=\"597a0874\" data-element_type=\"widget\" data-widget_type=\"text-editor.default\">\n\t\t\t\t<div class=\"elementor-widget-container\">\n\t\t\t\t\t\t\t\t\t<p><strong>1. You can make payments using online banking (via OPAY)<\/strong><\/p>\n<p><!-- \/wp:paragraph --><\/p>\n<p><!-- wp:paragraph --><\/p>\n<p data-start=\"139\" data-end=\"790\"><strong data-start=\"139\" data-end=\"147\">OPAY<\/strong> - a modern electronic payment system that integrates various payment methods: through the OPAY system, online banking, or payment cards. OPAY offers a fast and simple payment solution for businesses and a convenient user experience for customers. The system ensures secure and efficient online payments, while integration with various banks allows customers to choose the most convenient payment method. OPAY also supports payments via mobile wallets and other innovative solutions, making the payment process as smooth as possible both online and at physical locations. Pay with OPAY \u2013 it\u2019s reliable, fast, and convenient.<\/p>\n<p data-start=\"792\" data-end=\"1097\"><strong data-start=\"792\" data-end=\"831\">Supported banks and payment methods<\/strong> \u201eDanske Bank A\/S\u201c Lietuvos filialas, AS Luminor (\u201eDNB\u201c) bankas, AS Citadele bankas, AS Luminor (\u201eNordea\u201c) bankas, AB SEB bankas, AB bankas \u201eSwedbank\u201c, AB \u0160iauli\u0173 bankas, UAB Medicinos bankas, Lietuvos kredito unijos, MoQ, OPAY s\u0105skaita, kreditin\u0117s kortel\u0117s, PayPal.<\/p>\n<p><strong>2. Purchase and Return Rules<\/strong><\/p>\n<p style=\"font-weight: 400;\">The price of Tenerife On-The-Go camps - <em><strong>850 Eur<\/strong>. <\/em>An advance (reservation) fee of <strong><em>300 Eur <\/em><\/strong>is paid to the Organizer for the services provided to the Organizer's bank account. Only after paying this fee and signing the contract with the Organizer can the Customer reserve a place in the camp. If the customer changes his mind and decides not to participate in the camp for personal reasons, the advance (reservation) fee is non-refundable.<\/p>\n<p style=\"font-weight: 400;\">The remaining amount, i.e., <strong><em>550 Eur<\/em><\/strong>must be made to the Organizer\u2019s bank account no later than 4 weeks before the start of the camp. If the amount is not paid by the date specified in the agreement, the Client\u2019s reservation will be canceled, and in that case, the advance payment will not be refunded.<\/p>\n<p style=\"font-weight: 400;\">If the Client changes their mind and decides not to participate in the camp for personal reasons less than 2 weeks before the start, the entire amount paid by the Client remains with the Organizer.<\/p>\n<p style=\"font-weight: 400;\">The full amount paid by the Client is refunded only if the Organizer is unable to fulfill the terms of the agreement and the camp cannot take place, or if the Client is not satisfied with the proposed alternative camp date.<\/p>\n<p><\/p>\n<p><!-- \/wp:paragraph --><\/p>\n<p><!-- wp:paragraph --><\/p>\n<p><!-- \/wp:paragraph --><\/p>\n<p><!-- wp:paragraph --><\/p>\n<p><!-- \/wp:paragraph --><\/p>\t\t\t\t\t\t\t\t<\/div>\n\t\t\t\t<\/div>\n\t\t\t\t\t<\/div>\n\t\t\t\t<\/div>\n\t\t\t\t<\/div>","protected":false},"excerpt":{"rendered":"<p>1. Atsiskaityti galite naudodamiesi elektronine bankininkyste (OPAY) OPAY \u2013 moderni elektronini\u0173 atsiskaitym\u0173 sistema, apjungianti \u012fvairius mok\u0117jimo b\u016bdus: per OPAY sistem\u0105, elektronin\u0119 bankininkyst\u0119 ar mok\u0117jimo korteles. OPAY si\u016blo greit\u0105 ir paprast\u0105 atsiskaitymo sprendim\u0105 verslui bei patogi\u0105 vartotojo patirt\u012f pirk\u0117jui. Sistema u\u017etikrina saugius ir operatyvius mok\u0117jimus internetu, o integracija su \u012fvairiais bankais leid\u017eia pirk\u0117jams pasirinkti jiems patogiausi\u0105 [&hellip;]<\/p>","protected":false},"author":1,"featured_media":0,"parent":0,"menu_order":0,"comment_status":"closed","ping_status":"closed","template":"","meta":{"_acf_changed":false,"footnotes":""},"class_list":["post-444","page","type-page","status-publish","hentry"],"blocksy_meta":[],"acf":[],"yoast_head":"<!-- This site is optimized with the Yoast SEO plugin v27.4 - https:\/\/yoast.com\/product\/yoast-seo-wordpress\/ -->\n<title>TENERIFE ON-THE-GO<\/title>\n<meta name=\"robots\" content=\"index, follow, max-snippet:-1, max-image-preview:large, max-video-preview:-1\" \/>\n<link rel=\"canonical\" href=\"https:\/\/tenerifeonthego.com\/en\/purchase-rules\/\" \/>\n<meta property=\"og:locale\" content=\"en_GB\" \/>\n<meta property=\"og:type\" content=\"article\" \/>\n<meta property=\"og:description\" content=\"1. Atsiskaityti galite naudodamiesi elektronine bankininkyste (OPAY) OPAY \u2013 moderni elektronini\u0173 atsiskaitym\u0173 sistema, apjungianti \u012fvairius mok\u0117jimo b\u016bdus: per OPAY sistem\u0105, elektronin\u0119 bankininkyst\u0119 ar mok\u0117jimo korteles. OPAY si\u016blo greit\u0105 ir paprast\u0105 atsiskaitymo sprendim\u0105 verslui bei patogi\u0105 vartotojo patirt\u012f pirk\u0117jui. Sistema u\u017etikrina saugius ir operatyvius mok\u0117jimus internetu, o integracija su \u012fvairiais bankais leid\u017eia pirk\u0117jams pasirinkti jiems patogiausi\u0105 [&hellip;]\" \/>\n<meta property=\"og:url\" content=\"https:\/\/tenerifeonthego.com\/en\/purchase-rules\/\" \/>\n<meta property=\"og:site_name\" content=\"TENERIFE ON-THE-GO\" \/>\n<meta property=\"article:publisher\" content=\"https:\/\/www.facebook.com\/tenerifeonthego\" \/>\n<meta property=\"article:modified_time\" content=\"2025-07-01T13:38:52+00:00\" \/>\n<meta property=\"og:image\" content=\"https:\/\/tenerifeonthego.com\/wp-content\/uploads\/2024\/05\/TENERIFE-ON-THE-MOVE-6.png\" \/>\n\t<meta property=\"og:image:width\" content=\"1680\" \/>\n\t<meta property=\"og:image:height\" content=\"900\" \/>\n\t<meta property=\"og:image:type\" content=\"image\/png\" \/>\n<meta name=\"twitter:card\" content=\"summary_large_image\" \/>\n<meta name=\"twitter:label1\" content=\"Estimated reading time\" \/>\n\t<meta name=\"twitter:data1\" content=\"2 minutes\" \/>\n<script type=\"application\/ld+json\" class=\"yoast-schema-graph\">{\"@context\":\"https:\\\/\\\/schema.org\",\"@graph\":[{\"@type\":\"WebPage\",\"@id\":\"https:\\\/\\\/tenerifeonthego.com\\\/pirkimo-ir-grazinimo-taisykles\\\/\",\"url\":\"https:\\\/\\\/tenerifeonthego.com\\\/pirkimo-ir-grazinimo-taisykles\\\/\",\"name\":\"\",\"isPartOf\":{\"@id\":\"https:\\\/\\\/tenerifeonthego.com\\\/#website\"},\"datePublished\":\"2024-05-22T06:09:51+00:00\",\"dateModified\":\"2025-07-01T13:38:52+00:00\",\"breadcrumb\":{\"@id\":\"https:\\\/\\\/tenerifeonthego.com\\\/pirkimo-ir-grazinimo-taisykles\\\/#breadcrumb\"},\"inLanguage\":\"en-GB\",\"potentialAction\":[{\"@type\":\"ReadAction\",\"target\":[\"https:\\\/\\\/tenerifeonthego.com\\\/pirkimo-ir-grazinimo-taisykles\\\/\"]}]},{\"@type\":\"BreadcrumbList\",\"@id\":\"https:\\\/\\\/tenerifeonthego.com\\\/pirkimo-ir-grazinimo-taisykles\\\/#breadcrumb\",\"itemListElement\":[{\"@type\":\"ListItem\",\"position\":1,\"name\":\"Home\",\"item\":\"https:\\\/\\\/tenerifeonthego.com\\\/\"},{\"@type\":\"ListItem\",\"position\":2,\"name\":\"Pirkimo ir gr\u0105\u017einimo taisykl\u0117s\"}]},{\"@type\":\"WebSite\",\"@id\":\"https:\\\/\\\/tenerifeonthego.com\\\/#website\",\"url\":\"https:\\\/\\\/tenerifeonthego.com\\\/\",\"name\":\"TENERIFE ON-THE-GO\",\"description\":\"\",\"publisher\":{\"@id\":\"https:\\\/\\\/tenerifeonthego.com\\\/#organization\"},\"potentialAction\":[{\"@type\":\"SearchAction\",\"target\":{\"@type\":\"EntryPoint\",\"urlTemplate\":\"https:\\\/\\\/tenerifeonthego.com\\\/?s={search_term_string}\"},\"query-input\":{\"@type\":\"PropertyValueSpecification\",\"valueRequired\":true,\"valueName\":\"search_term_string\"}}],\"inLanguage\":\"en-GB\"},{\"@type\":\"Organization\",\"@id\":\"https:\\\/\\\/tenerifeonthego.com\\\/#organization\",\"name\":\"TENERIFE ON-THE-GO\",\"url\":\"https:\\\/\\\/tenerifeonthego.com\\\/\",\"logo\":{\"@type\":\"ImageObject\",\"inLanguage\":\"en-GB\",\"@id\":\"https:\\\/\\\/tenerifeonthego.com\\\/#\\\/schema\\\/logo\\\/image\\\/\",\"url\":\"https:\\\/\\\/tenerifeonthego.com\\\/wp-content\\\/uploads\\\/2024\\\/05\\\/Tenerife_logo-removebg-preview-e1716283746938.png\",\"contentUrl\":\"https:\\\/\\\/tenerifeonthego.com\\\/wp-content\\\/uploads\\\/2024\\\/05\\\/Tenerife_logo-removebg-preview-e1716283746938.png\",\"width\":359,\"height\":299,\"caption\":\"TENERIFE ON-THE-GO\"},\"image\":{\"@id\":\"https:\\\/\\\/tenerifeonthego.com\\\/#\\\/schema\\\/logo\\\/image\\\/\"},\"sameAs\":[\"https:\\\/\\\/www.facebook.com\\\/tenerifeonthego\",\"https:\\\/\\\/www.instagram.com\\\/tenerifeonthego\\\/\"]}]}<\/script>\n<!-- \/ Yoast SEO plugin. -->","yoast_head_json":{"title":"TENERIFE ON-THE-GO","robots":{"index":"index","follow":"follow","max-snippet":"max-snippet:-1","max-image-preview":"max-image-preview:large","max-video-preview":"max-video-preview:-1"},"canonical":"https:\/\/tenerifeonthego.com\/en\/purchase-rules\/","og_locale":"en_GB","og_type":"article","og_description":"1. Atsiskaityti galite naudodamiesi elektronine bankininkyste (OPAY) OPAY \u2013 moderni elektronini\u0173 atsiskaitym\u0173 sistema, apjungianti \u012fvairius mok\u0117jimo b\u016bdus: per OPAY sistem\u0105, elektronin\u0119 bankininkyst\u0119 ar mok\u0117jimo korteles. OPAY si\u016blo greit\u0105 ir paprast\u0105 atsiskaitymo sprendim\u0105 verslui bei patogi\u0105 vartotojo patirt\u012f pirk\u0117jui. Sistema u\u017etikrina saugius ir operatyvius mok\u0117jimus internetu, o integracija su \u012fvairiais bankais leid\u017eia pirk\u0117jams pasirinkti jiems patogiausi\u0105 [&hellip;]","og_url":"https:\/\/tenerifeonthego.com\/en\/purchase-rules\/","og_site_name":"TENERIFE ON-THE-GO","article_publisher":"https:\/\/www.facebook.com\/tenerifeonthego","article_modified_time":"2025-07-01T13:38:52+00:00","og_image":[{"width":1680,"height":900,"url":"https:\/\/tenerifeonthego.com\/wp-content\/uploads\/2024\/05\/TENERIFE-ON-THE-MOVE-6.png","type":"image\/png"}],"twitter_card":"summary_large_image","twitter_misc":{"Estimated reading time":"2 minutes"},"schema":{"@context":"https:\/\/schema.org","@graph":[{"@type":"WebPage","@id":"https:\/\/tenerifeonthego.com\/pirkimo-ir-grazinimo-taisykles\/","url":"https:\/\/tenerifeonthego.com\/pirkimo-ir-grazinimo-taisykles\/","name":"","isPartOf":{"@id":"https:\/\/tenerifeonthego.com\/#website"},"datePublished":"2024-05-22T06:09:51+00:00","dateModified":"2025-07-01T13:38:52+00:00","breadcrumb":{"@id":"https:\/\/tenerifeonthego.com\/pirkimo-ir-grazinimo-taisykles\/#breadcrumb"},"inLanguage":"en-GB","potentialAction":[{"@type":"ReadAction","target":["https:\/\/tenerifeonthego.com\/pirkimo-ir-grazinimo-taisykles\/"]}]},{"@type":"BreadcrumbList","@id":"https:\/\/tenerifeonthego.com\/pirkimo-ir-grazinimo-taisykles\/#breadcrumb","itemListElement":[{"@type":"ListItem","position":1,"name":"Home","item":"https:\/\/tenerifeonthego.com\/"},{"@type":"ListItem","position":2,"name":"Pirkimo ir gr\u0105\u017einimo taisykl\u0117s"}]},{"@type":"WebSite","@id":"https:\/\/tenerifeonthego.com\/#website","url":"https:\/\/tenerifeonthego.com\/","name":"TENERIFE ON-THE-GO","description":"","publisher":{"@id":"https:\/\/tenerifeonthego.com\/#organization"},"potentialAction":[{"@type":"SearchAction","target":{"@type":"EntryPoint","urlTemplate":"https:\/\/tenerifeonthego.com\/?s={search_term_string}"},"query-input":{"@type":"PropertyValueSpecification","valueRequired":true,"valueName":"search_term_string"}}],"inLanguage":"en-GB"},{"@type":"Organization","@id":"https:\/\/tenerifeonthego.com\/#organization","name":"TENERIFE ON-THE-GO","url":"https:\/\/tenerifeonthego.com\/","logo":{"@type":"ImageObject","inLanguage":"en-GB","@id":"https:\/\/tenerifeonthego.com\/#\/schema\/logo\/image\/","url":"https:\/\/tenerifeonthego.com\/wp-content\/uploads\/2024\/05\/Tenerife_logo-removebg-preview-e1716283746938.png","contentUrl":"https:\/\/tenerifeonthego.com\/wp-content\/uploads\/2024\/05\/Tenerife_logo-removebg-preview-e1716283746938.png","width":359,"height":299,"caption":"TENERIFE ON-THE-GO"},"image":{"@id":"https:\/\/tenerifeonthego.com\/#\/schema\/logo\/image\/"},"sameAs":["https:\/\/www.facebook.com\/tenerifeonthego","https:\/\/www.instagram.com\/tenerifeonthego\/"]}]}},"_links":{"self":[{"href":"https:\/\/tenerifeonthego.com\/en\/wp-json\/wp\/v2\/pages\/444","targetHints":{"allow":["GET"]}}],"collection":[{"href":"https:\/\/tenerifeonthego.com\/en\/wp-json\/wp\/v2\/pages"}],"about":[{"href":"https:\/\/tenerifeonthego.com\/en\/wp-json\/wp\/v2\/types\/page"}],"author":[{"embeddable":true,"href":"https:\/\/tenerifeonthego.com\/en\/wp-json\/wp\/v2\/users\/1"}],"replies":[{"embeddable":true,"href":"https:\/\/tenerifeonthego.com\/en\/wp-json\/wp\/v2\/comments?post=444"}],"version-history":[{"count":1,"href":"https:\/\/tenerifeonthego.com\/en\/wp-json\/wp\/v2\/pages\/444\/revisions"}],"predecessor-version":[{"id":2066,"href":"https:\/\/tenerifeonthego.com\/en\/wp-json\/wp\/v2\/pages\/444\/revisions\/2066"}],"wp:attachment":[{"href":"https:\/\/tenerifeonthego.com\/en\/wp-json\/wp\/v2\/media?parent=444"}],"curies":[{"name":"wp","href":"https:\/\/api.w.org\/{rel}","templated":true}]}}