{"id":457,"date":"2024-05-21T09:41:05","date_gmt":"2024-05-21T09:41:05","guid":{"rendered":"https:\/\/tenerifeonthego.com\/?page_id=457"},"modified":"2024-06-11T15:26:50","modified_gmt":"2024-06-11T12:26:50","slug":"slapuku-politika","status":"publish","type":"page","link":"https:\/\/tenerifeonthego.com\/en\/cookies-policy\/","title":{"rendered":"Cookie Policy"},"content":{"rendered":"<h3 class=\"wp-block-heading\"><strong>Introduction<\/strong><\/h3>\n\n\n\n<p>This cookie policy explains what cookies are, how we use them, and your (the \"User\") choices regarding cookies when you visit the https:\/\/tenerifeonthego.com\/ website (the \"Site\").&nbsp;<a href=\"https:\/\/tenerifeonthego.com\/\" target=\"_blank\" rel=\"noreferrer noopener\">https:\/\/tenerifeonthego.com\/<\/a>&nbsp;interneto svetain\u0117je (toliau &#8211; \u201esvetain\u0117\u201c).<\/p>\n\n\n\n<h3 class=\"wp-block-heading\"><strong>What are cookies?<\/strong><\/h3>\n\n\n\n<p>Cookies are small fragments of text files that are stored on the user's device (computer or mobile device) when visiting our website. Cookies are used to make the website more efficient, and safer and to provide information to the website owners.<\/p>\n\n\n\n<h3 class=\"wp-block-heading\"><strong>How do we use cookies?<\/strong><\/h3>\n\n\n\n<p>We use cookies for several purposes, including:<\/p>\n\n\n\n<p><strong>Necessary cookies:<br><\/strong>These cookies are necessary for the website to function properly. They enable basic functions such as page navigation and access to secure areas of the website. Our website could not function properly without these cookies.<\/p>\n\n\n\n<p><strong>Analytical cookies:<br><\/strong>These cookies allow us to analyze how visitors use our website in order to measure and improve the performance of our website. These cookies collect information anonymously.<\/p>\n\n\n\n<p><strong>Marketing cookies:<br><\/strong>These cookies are intended for marketing purposes, such as tracking user behaviour, personalizing advertising and analyzing website activity. They are often used to improve the user's online experience and provide more targeted advertising to the user.<\/p>\n\n\n\n<h3 class=\"wp-block-heading\"><strong>Your choices for managing cookies<\/strong><\/h3>\n\n\n\n<p>You can manage and\/or delete cookies according to your needs. You can delete any cookies already on your computer and set most browsers not to install cookies. However, if you do so, in some cases you will need to manually adjust certain settings each time you visit the website and some services and\/or features may not work partially or completely.<\/p>\n\n\n\n<h3 class=\"wp-block-heading\"><strong>More information<\/strong><\/h3>\n\n\n\n<p>More information about cookies and how to manage them can be found at&nbsp;<a href=\"http:\/\/www.allaboutcookies.org\/\" target=\"_blank\" rel=\"noreferrer noopener\">www.allaboutcookies.org<\/a>. This cookie policy was created using Nordweb's cookie policy creation tool&nbsp;<a href=\"https:\/\/nordweb.lt\/slapuku-politikos-sablono-generatorius\/\" target=\"_blank\" rel=\"noreferrer noopener\">Nordweb slapuk\u0173 politikos k\u016brimo \u012frankiu<\/a>&nbsp;&#8211;&nbsp;<a href=\"https:\/\/nordweb.lt\/\" target=\"_blank\" rel=\"noreferrer noopener\">https:\/\/nordweb.lt<\/a>.<\/p>\n\n\n\n<h3 class=\"wp-block-heading\"><strong>Changes to this cookie policy<\/strong><\/h3>\n\n\n\n<p>The website reserves the right to change this cookie policy at any time. We will notify the user of any changes by posting a new cookie policy on this page.<\/p>\n\n\n\n<h3 class=\"wp-block-heading\"><strong>Contacts<\/strong><\/h3>\n\n\n\n<p>If you have any questions about our use of cookies or this cookie policy, please contact us by email:&nbsp;<a href=\"mailto:tenerifeonthego@gmail.com\" target=\"_blank\" rel=\"noreferrer noopener\">tenerifeonthego@gmail.com<\/a>.<\/p>\n\n\n\n<p>The document is valid from: 05\/25\/2024<\/p>","protected":false},"excerpt":{"rendered":"<p>\u012evadas \u0160i slapuk\u0173 politika paai\u0161kina, kas yra slapukai, kaip mes juos naudojame, ir j\u016bs\u0173 (toliau &#8211; \u201evartotojo\u201c) pasirinkimus d\u0117l slapuk\u0173, kai lankot\u0117s&nbsp;https:\/\/tenerifeonthego.com\/&nbsp;interneto svetain\u0117je (toliau &#8211; \u201esvetain\u0117\u201c). Kas yra slapukai? Slapukai yra ma\u017ei tekstini\u0173 fail\u0173 fragmentai, kurie saugomi vartotojo \u012frenginyje (kompiuteryje ar mobiliajame \u012frenginyje) lankantis m\u016bs\u0173 svetain\u0117je. Slapukai yra naudojami, kad svetain\u0117 veikt\u0173 efektyviau, saugiau ir [&hellip;]<\/p>","protected":false},"author":1,"featured_media":0,"parent":0,"menu_order":0,"comment_status":"closed","ping_status":"closed","template":"","meta":{"_acf_changed":false,"footnotes":""},"class_list":["post-457","page","type-page","status-publish","hentry"],"blocksy_meta":[],"acf":[],"yoast_head":"<!-- This site is optimized with the Yoast SEO plugin v27.4 - https:\/\/yoast.com\/product\/yoast-seo-wordpress\/ -->\n<title>TENERIFE ON-THE-GO<\/title>\n<meta name=\"description\" content=\"\u0160i slapuk\u0173 politika paai\u0161kina, kas yra slapukai, kaip mes juos naudojame, ir j\u016bs\u0173 (toliau - \u201evartotojo\u201c) pasirinkimus d\u0117l slapuk\u0173.\" \/>\n<meta name=\"robots\" content=\"index, follow, max-snippet:-1, max-image-preview:large, max-video-preview:-1\" \/>\n<link rel=\"canonical\" href=\"https:\/\/tenerifeonthego.com\/en\/cookies-policy\/\" \/>\n<meta property=\"og:locale\" content=\"en_GB\" \/>\n<meta property=\"og:type\" content=\"article\" \/>\n<meta property=\"og:description\" content=\"\u0160i slapuk\u0173 politika paai\u0161kina, kas yra slapukai, kaip mes juos naudojame, ir j\u016bs\u0173 (toliau - \u201evartotojo\u201c) pasirinkimus d\u0117l slapuk\u0173.\" \/>\n<meta property=\"og:url\" content=\"https:\/\/tenerifeonthego.com\/en\/cookies-policy\/\" \/>\n<meta property=\"og:site_name\" content=\"TENERIFE ON-THE-GO\" \/>\n<meta property=\"article:publisher\" content=\"https:\/\/www.facebook.com\/tenerifeonthego\" \/>\n<meta property=\"article:modified_time\" content=\"2024-06-11T12:26:50+00:00\" \/>\n<meta property=\"og:image\" content=\"https:\/\/tenerifeonthego.com\/wp-content\/uploads\/2024\/05\/TENERIFE-ON-THE-MOVE-6.png\" \/>\n\t<meta property=\"og:image:width\" content=\"1680\" \/>\n\t<meta property=\"og:image:height\" content=\"900\" \/>\n\t<meta property=\"og:image:type\" content=\"image\/png\" \/>\n<meta name=\"twitter:card\" content=\"summary_large_image\" \/>\n<meta name=\"twitter:label1\" content=\"Estimated reading time\" \/>\n\t<meta name=\"twitter:data1\" content=\"2 minutes\" \/>\n<script type=\"application\/ld+json\" class=\"yoast-schema-graph\">{\"@context\":\"https:\\\/\\\/schema.org\",\"@graph\":[{\"@type\":\"WebPage\",\"@id\":\"https:\\\/\\\/tenerifeonthego.com\\\/slapuku-politika\\\/\",\"url\":\"https:\\\/\\\/tenerifeonthego.com\\\/slapuku-politika\\\/\",\"name\":\"\",\"isPartOf\":{\"@id\":\"https:\\\/\\\/tenerifeonthego.com\\\/#website\"},\"datePublished\":\"2024-05-21T09:41:05+00:00\",\"dateModified\":\"2024-06-11T12:26:50+00:00\",\"description\":\"\u0160i slapuk\u0173 politika paai\u0161kina, kas yra slapukai, kaip mes juos naudojame, ir j\u016bs\u0173 (toliau - \u201evartotojo\u201c) pasirinkimus d\u0117l slapuk\u0173.\",\"breadcrumb\":{\"@id\":\"https:\\\/\\\/tenerifeonthego.com\\\/slapuku-politika\\\/#breadcrumb\"},\"inLanguage\":\"en-GB\",\"potentialAction\":[{\"@type\":\"ReadAction\",\"target\":[\"https:\\\/\\\/tenerifeonthego.com\\\/slapuku-politika\\\/\"]}]},{\"@type\":\"BreadcrumbList\",\"@id\":\"https:\\\/\\\/tenerifeonthego.com\\\/slapuku-politika\\\/#breadcrumb\",\"itemListElement\":[{\"@type\":\"ListItem\",\"position\":1,\"name\":\"Home\",\"item\":\"https:\\\/\\\/tenerifeonthego.com\\\/\"},{\"@type\":\"ListItem\",\"position\":2,\"name\":\"Slapuk\u0173 politika\"}]},{\"@type\":\"WebSite\",\"@id\":\"https:\\\/\\\/tenerifeonthego.com\\\/#website\",\"url\":\"https:\\\/\\\/tenerifeonthego.com\\\/\",\"name\":\"TENERIFE ON-THE-GO\",\"description\":\"\",\"publisher\":{\"@id\":\"https:\\\/\\\/tenerifeonthego.com\\\/#organization\"},\"potentialAction\":[{\"@type\":\"SearchAction\",\"target\":{\"@type\":\"EntryPoint\",\"urlTemplate\":\"https:\\\/\\\/tenerifeonthego.com\\\/?s={search_term_string}\"},\"query-input\":{\"@type\":\"PropertyValueSpecification\",\"valueRequired\":true,\"valueName\":\"search_term_string\"}}],\"inLanguage\":\"en-GB\"},{\"@type\":\"Organization\",\"@id\":\"https:\\\/\\\/tenerifeonthego.com\\\/#organization\",\"name\":\"TENERIFE ON-THE-GO\",\"url\":\"https:\\\/\\\/tenerifeonthego.com\\\/\",\"logo\":{\"@type\":\"ImageObject\",\"inLanguage\":\"en-GB\",\"@id\":\"https:\\\/\\\/tenerifeonthego.com\\\/#\\\/schema\\\/logo\\\/image\\\/\",\"url\":\"https:\\\/\\\/tenerifeonthego.com\\\/wp-content\\\/uploads\\\/2024\\\/05\\\/Tenerife_logo-removebg-preview-e1716283746938.png\",\"contentUrl\":\"https:\\\/\\\/tenerifeonthego.com\\\/wp-content\\\/uploads\\\/2024\\\/05\\\/Tenerife_logo-removebg-preview-e1716283746938.png\",\"width\":359,\"height\":299,\"caption\":\"TENERIFE ON-THE-GO\"},\"image\":{\"@id\":\"https:\\\/\\\/tenerifeonthego.com\\\/#\\\/schema\\\/logo\\\/image\\\/\"},\"sameAs\":[\"https:\\\/\\\/www.facebook.com\\\/tenerifeonthego\",\"https:\\\/\\\/www.instagram.com\\\/tenerifeonthego\\\/\"]}]}<\/script>\n<!-- \/ Yoast SEO plugin. -->","yoast_head_json":{"title":"TENERIFE ON-THE-GO","description":"\u0160i slapuk\u0173 politika paai\u0161kina, kas yra slapukai, kaip mes juos naudojame, ir j\u016bs\u0173 (toliau - \u201evartotojo\u201c) pasirinkimus d\u0117l slapuk\u0173.","robots":{"index":"index","follow":"follow","max-snippet":"max-snippet:-1","max-image-preview":"max-image-preview:large","max-video-preview":"max-video-preview:-1"},"canonical":"https:\/\/tenerifeonthego.com\/en\/cookies-policy\/","og_locale":"en_GB","og_type":"article","og_description":"\u0160i slapuk\u0173 politika paai\u0161kina, kas yra slapukai, kaip mes juos naudojame, ir j\u016bs\u0173 (toliau - \u201evartotojo\u201c) pasirinkimus d\u0117l slapuk\u0173.","og_url":"https:\/\/tenerifeonthego.com\/en\/cookies-policy\/","og_site_name":"TENERIFE ON-THE-GO","article_publisher":"https:\/\/www.facebook.com\/tenerifeonthego","article_modified_time":"2024-06-11T12:26:50+00:00","og_image":[{"width":1680,"height":900,"url":"https:\/\/tenerifeonthego.com\/wp-content\/uploads\/2024\/05\/TENERIFE-ON-THE-MOVE-6.png","type":"image\/png"}],"twitter_card":"summary_large_image","twitter_misc":{"Estimated reading time":"2 minutes"},"schema":{"@context":"https:\/\/schema.org","@graph":[{"@type":"WebPage","@id":"https:\/\/tenerifeonthego.com\/slapuku-politika\/","url":"https:\/\/tenerifeonthego.com\/slapuku-politika\/","name":"","isPartOf":{"@id":"https:\/\/tenerifeonthego.com\/#website"},"datePublished":"2024-05-21T09:41:05+00:00","dateModified":"2024-06-11T12:26:50+00:00","description":"\u0160i slapuk\u0173 politika paai\u0161kina, kas yra slapukai, kaip mes juos naudojame, ir j\u016bs\u0173 (toliau - \u201evartotojo\u201c) pasirinkimus d\u0117l slapuk\u0173.","breadcrumb":{"@id":"https:\/\/tenerifeonthego.com\/slapuku-politika\/#breadcrumb"},"inLanguage":"en-GB","potentialAction":[{"@type":"ReadAction","target":["https:\/\/tenerifeonthego.com\/slapuku-politika\/"]}]},{"@type":"BreadcrumbList","@id":"https:\/\/tenerifeonthego.com\/slapuku-politika\/#breadcrumb","itemListElement":[{"@type":"ListItem","position":1,"name":"Home","item":"https:\/\/tenerifeonthego.com\/"},{"@type":"ListItem","position":2,"name":"Slapuk\u0173 politika"}]},{"@type":"WebSite","@id":"https:\/\/tenerifeonthego.com\/#website","url":"https:\/\/tenerifeonthego.com\/","name":"TENERIFE ON-THE-GO","description":"","publisher":{"@id":"https:\/\/tenerifeonthego.com\/#organization"},"potentialAction":[{"@type":"SearchAction","target":{"@type":"EntryPoint","urlTemplate":"https:\/\/tenerifeonthego.com\/?s={search_term_string}"},"query-input":{"@type":"PropertyValueSpecification","valueRequired":true,"valueName":"search_term_string"}}],"inLanguage":"en-GB"},{"@type":"Organization","@id":"https:\/\/tenerifeonthego.com\/#organization","name":"TENERIFE ON-THE-GO","url":"https:\/\/tenerifeonthego.com\/","logo":{"@type":"ImageObject","inLanguage":"en-GB","@id":"https:\/\/tenerifeonthego.com\/#\/schema\/logo\/image\/","url":"https:\/\/tenerifeonthego.com\/wp-content\/uploads\/2024\/05\/Tenerife_logo-removebg-preview-e1716283746938.png","contentUrl":"https:\/\/tenerifeonthego.com\/wp-content\/uploads\/2024\/05\/Tenerife_logo-removebg-preview-e1716283746938.png","width":359,"height":299,"caption":"TENERIFE ON-THE-GO"},"image":{"@id":"https:\/\/tenerifeonthego.com\/#\/schema\/logo\/image\/"},"sameAs":["https:\/\/www.facebook.com\/tenerifeonthego","https:\/\/www.instagram.com\/tenerifeonthego\/"]}]}},"_links":{"self":[{"href":"https:\/\/tenerifeonthego.com\/en\/wp-json\/wp\/v2\/pages\/457","targetHints":{"allow":["GET"]}}],"collection":[{"href":"https:\/\/tenerifeonthego.com\/en\/wp-json\/wp\/v2\/pages"}],"about":[{"href":"https:\/\/tenerifeonthego.com\/en\/wp-json\/wp\/v2\/types\/page"}],"author":[{"embeddable":true,"href":"https:\/\/tenerifeonthego.com\/en\/wp-json\/wp\/v2\/users\/1"}],"replies":[{"embeddable":true,"href":"https:\/\/tenerifeonthego.com\/en\/wp-json\/wp\/v2\/comments?post=457"}],"version-history":[{"count":0,"href":"https:\/\/tenerifeonthego.com\/en\/wp-json\/wp\/v2\/pages\/457\/revisions"}],"wp:attachment":[{"href":"https:\/\/tenerifeonthego.com\/en\/wp-json\/wp\/v2\/media?parent=457"}],"curies":[{"name":"wp","href":"https:\/\/api.w.org\/{rel}","templated":true}]}}